{"id":6293,"date":"2024-12-15T07:45:09","date_gmt":"2024-12-15T07:45:09","guid":{"rendered":"https:\/\/sial.charity\/?page_id=6293"},"modified":"2025-01-24T16:36:04","modified_gmt":"2025-01-24T16:36:04","slug":"women-in-science-2024","status":"publish","type":"page","link":"https:\/\/sial.charity\/it\/sial-events\/scienza-al-femminile-2024\/","title":{"rendered":"Scienza al femminile - Evento gratuito"},"content":{"rendered":"<p><section class=\"kc-elm kc-css-673464 kc_row xt_kc_row_has_container xt_kc_row_no_padding\"><div class=\"kc-row-container  kc-container\"><div class=\"kc-wrap-columns\"><div class=\"kc-elm kc-css-350999 kc_col-sm-12 kc_column kc_col-sm-12\"><div class=\"kc-col-container\"><div class=\"kc-elm kc-css-872819 kc_shortcode kc_single_image xt-theme-primary-image\">\n\n        <img decoding=\"async\" src=\"https:\/\/sial.charity\/wp-content\/uploads\/2024\/12\/women-in-stem-1.gif\" class=\"\" alt=\"\" \/>    <\/div>\n<\/div><\/div><\/div><\/div><\/section><section class=\"kc-elm kc-css-14418 kc_row xt_kc_row_has_container xt_kc_row_no_padding\"><div class=\"kc-row-container  kc-container\"><div class=\"kc-wrap-columns\"><div class=\"kc-elm kc-css-216271 kc_col-sm-6 kc_column kc_col-sm-6\"><div class=\"kc-col-container\"><div class=\"kc-elm kc-css-531596 kc_text_block\"><\/p>\n<h1>SCIENZA AL FEMMINILE<br \/>\nUn incontro con 3 scienziate Italiane a Londra<\/h1>\n<p><span style=\"font-size: 18px;\"><strong>Quando:<\/strong> Sabato 25 gennaio 2025, 17:30-19:30<\/span><\/p>\n<p><strong>Dove:<\/strong> SIAL.school, 156 Holland Park Avenue, London W11 4UH<br> (la fermata della metro pi\u00f9 vicina \u00e8 Holland Park)<\/p>\n<p><em>Unisciti a noi per un evento straordinario che mette in luce il talento di tre scienziate italiane basate in Inghilterra e la loro passione per il mondo della scienza e della tecnologia.<\/em><\/p>\n<p class=\" translation-block\">Ascolta le storie di <strong>Maria Ubiali<\/strong>, Professoressa Ordinaria nel dipartimento di Matematica Applicata e Fisica Teorica all'Universit\u00e0 di Cambridge, <strong>Lucia Cottone<\/strong>, ricercatrice presso l'University College London (UCL), e <strong>Beatrice Soliani<\/strong>, Associate Director World Wide Patient Safety presso Bristol Myers Squibb, farmaceutica affermata.<\/p>\n<p>Durante l'incontro, le nostre ospiti condivideranno come hanno coltivato la loro passione per la scienza fin da giovani, affrontando sfide e superando gli stereotipi di genere ancora presenti nel campo scientifico.<\/p>\n<p>Discuteranno l'importanza di avere avuto la giusta guida (mentoring) nel loro percorso professionale e offriranno consigli pratici su come incoraggiare le giovani donne ad intraprendere carriere nelle discipline STEM (Science, Technology, Engineering, Mathematics).<\/p>\n<p>Sar\u00e0 un'occasione unica per esplorare l'impatto della ricerca scientifica sulla societ\u00e0 e comprendere come, attraverso la perseveranza e l'innovazione, sia possibile contribuire positivamente al mondo che ci circonda.<\/p>\n<p><strong>Prenota il tuo posto e inizia un affascinante viaggio nel futuro della scienza: unisciti a noi nell'ispirare la nuova generazione di scienziate e scienziati!<\/strong><\/p>\n<p>L'evento \u00e8 aperto a tutti, con un'attenzione particolare a genitori con figlie (e figli) di et\u00e0 tra gli 11 ed i 17 anni, interessati a scoprire le infinite opportunit\u00e0 offerte dal mondo della scienza.<br \/>\n<strong><span style=\"color: #ea4e4e;\">L'intero evento sar\u00e0 tenuto in lingua italiana.<\/span><\/strong><\/p>\n<p>\n<\/div><\/div><\/div><div class=\"kc-elm kc-css-229825 kc_col-sm-6 kc_column kc_col-sm-6\"><div class=\"kc-col-container\"><div class=\"kc-elm kc-css-682216 kc_shortcode kc_single_image xt-theme-primary-image\">\n\n        <img decoding=\"async\" src=\"https:\/\/sial.charity\/wp-content\/uploads\/2024\/12\/SIAL-ELEMENTS-RGB_Sial-Events.png\" class=\"\" alt=\"\" \/>    <\/div>\n<div class=\"kc-elm kc-css-17185 kc_text_block\"><\/p>\n<h3>Registrati ora<\/h3>\n<p>\n<\/div><div class=\"kc-elm kc-css-561794 kc_text_block\"><\/p>\n<h3>Non \u00e8 pi\u00f9 possibile iscriversi.<\/h3>\n<p>\n<\/div><div class=\"kc-elm kc-css-336194 kc_text_block\"><\/p>\n<h3>Perch\u00e9 partecipare a questo evento?<\/h3>\n<p><strong>Ispirazione senza confini:<\/strong> Lasciati ispirare dalle esperienze di scienziate che hanno raggiunto l'eccellenza in istituzioni prestigiose come l'Universit\u00e0 di Cambridge, UCL e aziende leader nel settore farmaceutico.<\/p>\n<p><strong>Consigli preziosi:<\/strong> Ricevi suggerimenti pratici su come sostenere e motivare le giovani donne a perseguire le loro passioni nelle discipline STEM.<\/p>\n<p><strong>Networking:<\/strong> Approfitta dell'opportunit\u00e0 per fare networking con professioniste del settore e altre famiglie con interessi simili, ampliando le tue prospettive e quelle dei tuoi figli.<\/p>\n<p>\n<\/div><\/div><\/div><\/div><\/div><\/section><section class=\"kc-elm kc-css-338137 kc_row xt_kc_row_has_container xt_kc_row_no_padding\"><div class=\"kc-row-container  kc-container\"><div class=\"kc-wrap-columns\"><div class=\"kc-elm kc-css-426352 kc_col-sm-12 kc_column kc_col-sm-12\"><div class=\"kc-col-container\"><div class=\"kc-elm kc-css-367496 kc_text_block\"><\/p>\n<h3>Le relatrici<\/h3>\n<p>\n<\/div>\n<div class=\"kc-elm kc-css-948475 kc-team kc-team-2\">\n\n\t<figure class=\"content-image\"><img decoding=\"async\" src=\"https:\/\/sial.charity\/wp-content\/uploads\/2024\/12\/Foto-profili-200-x-200-px-150x150.png\" alt=\"\"><\/figure><div class=\"box-right\"><div class=\"content-title\">Maria Ubiali<\/div><div class=\"content-desc\">Maria \u00e8 Professoressa Ordinaria presso l'Universit\u00e0 di Cambridge nel Dipartimento di Matematica Applicata e Fisica Teorica. Laureata in fisica all'Universit\u00e0 di Milano, ha conseguito un dottorato congiunto tra l'Universit\u00e0 di Edimburgo e l'Universit\u00e0 Cattolica di Lovanio. Ha lavorato come ricercatrice ad Aquisgrana e a Cambridge, ricevendo riconoscimenti come la Fellowship della Royal Society e il premio internazionale Guido Altarelli. Nel 2024 \u00e8 stata inclusa tra le InspiringFifty, le cinquanta donne role model nel mondo della tecnologia e dell'innovazione in Italia. Mamma di tre figli, Maria \u00e8 un'appassionata mentore per le donne in STEM.<\/div><\/div>\n<\/div>\n\n<div class=\"kc-elm kc-css-393166 kc-team kc-team-2\">\n\n\t<figure class=\"content-image\"><img decoding=\"async\" src=\"https:\/\/sial.charity\/wp-content\/uploads\/2024\/12\/Foto-profili-200-x-200-px-1-150x150.png\" alt=\"\"><\/figure><div class=\"box-right\"><div class=\"content-title\">Lucia Cottone<\/div><div class=\"content-desc\">Lucia \u00e8 Junior Group Leader presso il Cancer Institute dell'University College London. Ha ottenuto il dottorato in immunologia dei tumori all'Universit\u00e0 San Raffaele di Milano e ha proseguito la sua ricerca a UCL, focalizzandosi sui tumori ossei primari. Nel 2023 ha ricevuto una Early Career Fellowship dal Bone Cancer Research Trust e nel 2024 il premio Rising Research Star Bone Idol Award. Mamma di tre figli, Lucia \u00e8 Mentoring Champion e membro del comitato Equality Diversity and Inclusion per promuovere l'uguaglianza di genere in Accademia.<\/div><\/div>\n<\/div>\n\n<div class=\"kc-elm kc-css-601510 kc-team kc-team-2\">\n\n\t<figure class=\"content-image\"><img decoding=\"async\" src=\"https:\/\/sial.charity\/wp-content\/uploads\/2024\/12\/Foto-profili-200-x-200-px-2-150x150.png\" alt=\"\"><\/figure><div class=\"box-right\"><div class=\"content-title\">Beatrice Soliani<\/div><div class=\"content-desc\">Beatrice \u00e8 Associate Director World Wide Patient Safety presso Bristol Myers Squibb ed esperta di farmacovigilanza. Laureata in Chimica e Tecnologia Farmaceutiche, ha conseguito un master in farmacovigilanza. Ha lavorato in aziende come Pfizer, Celgene e Bristol Myers Squibb in Italia, Svizzera e nel Regno Unito. La sua passione per la sicurezza dei farmaci le permette di essere quotidianamente al fianco dei pazienti.<\/div><\/div>\n<\/div>\n<div class=\"kc-elm kc-css-62923 kc_text_block\"><\/p>\n<h3>La moderatrice<\/h3>\n<p>\n<\/div>\n<div class=\"kc-elm kc-css-174058 kc-team kc-team-2\">\n\n\t<figure class=\"content-image\"><img decoding=\"async\" src=\"https:\/\/sial.charity\/wp-content\/uploads\/2024\/12\/mariaelena-agostini.png\" alt=\"\"><\/figure><div class=\"box-right\"><div class=\"content-title\">Mariaelena Agostini<\/div><div class=\"content-desc\">Mariaelena \u00e8 una giornalista e produttrice televisiva basata a Londra che attualmente lavora per Channel 4 News e ha lavorato in passato per Al Jazeera English, Channel 5 News e PA Media. Il suo lavoro spazia dal reportage investigativo, alla politica, alle questioni sociali, all'arte e alla cultura, con contributi all'Evening Standard, al Daily Mail e a LondraItalia.com. Grazie alla sua vasta esperienza nella conduzione di interviste, Mariaelena moderer\u00e0 l'evento, assicurando una conversazione coinvolgente e approfondita.<\/div><\/div>\n<\/div>\n<div class=\"kc-elm kc-css-17626 kc_text_block\"><\/p>\n<h3>Gli organizzatori:<\/h3>\n<p>\n<\/div><div class=\"kc-elm kc-css-968775 kc-feature-boxes kc-fb-layout-4\">\n\n\t<figure class=\"content-image\"><img decoding=\"async\" src=\"https:\/\/sial.charity\/wp-content\/uploads\/2020\/08\/SIALcharity_logo_01-RGB_H_pos-1.png\" alt=\"SIAL Charity\"><\/figure><div class=\"box-right\"><div class=\"content-desc\">SIAL.charity \u00e8 un'organizzazione no-profit dedicata alla promozione della lingua e della cultura italiana nel Regno Unito. Fondata 17 anni fa, ha creato SIAL.school, l'unica scuola bilingue italiana a tempo pieno a Londra, e SIAL.courses, che ogni anno offre corsi di italiano a oltre 1.000 studenti a Londra ed in tutto il sud dell'Inghilterra e Galles.<\/div><\/div>\n<\/div>\n<div class=\"kc-elm kc-css-306193 kc_text_block\"><\/p>\n<p><strong>Ti interessano i nostri eventi per la comunit\u00e0 italiana e bilingue a Londra?<br \/>\n<\/strong><a href=\"https:\/\/sial.charity\/it\/sial-events\/i-nostri-eventi\/\">Vai ai prossimi appuntamenti<\/a><\/p>\n<p>Per essere sempre informati sui nostri progetti e sulle nostre iniziative, potete visitare i nostri siti:<\/p>\n<p><a href=\"https:\/\/sial.charity\/it\/\">www.sial.charity<\/a><br \/>\n<a href=\"https:\/\/www.sial.school\/\">www.sial.school<\/a><br \/>\n<a href=\"https:\/\/www.sial.courses\/\">www.sial.courses<\/a><\/p>\n<p>\n<\/div><\/div><\/div><\/div><\/div><\/section><\/p>","protected":false},"excerpt":{"rendered":"","protected":false},"author":2,"featured_media":0,"parent":6222,"menu_order":0,"comment_status":"closed","ping_status":"closed","template":"","meta":{"footnotes":""},"class_list":["post-6293","page","type-page","status-publish","hentry"],"yoast_head":"<!-- This site is optimized with the Yoast SEO plugin v24.9 - https:\/\/yoast.com\/wordpress\/plugins\/seo\/ -->\n<title>Women in science - Free Event - SIAL.charity<\/title>\n<meta name=\"robots\" content=\"index, follow, max-snippet:-1, max-image-preview:large, max-video-preview:-1\" \/>\n<link rel=\"canonical\" href=\"https:\/\/sial.charity\/it\/sial-events\/scienza-al-femminile-2024\/\" \/>\n<meta property=\"og:locale\" content=\"it_IT\" \/>\n<meta property=\"og:type\" content=\"article\" \/>\n<meta property=\"og:title\" content=\"Women in science - Free Event - SIAL.charity\" \/>\n<meta property=\"og:description\" content=\"WOMEN IN SCIENCE In conversation with three Italian scientists in London When: Saturday 25th January 2025, 5:30-7:30PM Where: SIAL.school, 154-156 Holland Park Avenue, W114UH London (closest tube station: Holland Park) Join us for an extraordinary free event in Italian that highlights the talent of three Italian scientists based in the UK and their passion for&#8230;\" \/>\n<meta property=\"og:url\" content=\"https:\/\/sial.charity\/it\/sial-events\/scienza-al-femminile-2024\/\" \/>\n<meta property=\"og:site_name\" content=\"SIAL.charity\" \/>\n<meta property=\"article:modified_time\" content=\"2025-01-24T16:36:04+00:00\" \/>\n<meta property=\"og:image\" content=\"https:\/\/sial.charity\/wp-content\/uploads\/2024\/12\/women-in-stem-1.gif\" \/>\n<meta name=\"twitter:card\" content=\"summary_large_image\" \/>\n<meta name=\"twitter:label1\" content=\"Tempo di lettura stimato\" \/>\n\t<meta name=\"twitter:data1\" content=\"3 minuti\" \/>\n<script type=\"application\/ld+json\" class=\"yoast-schema-graph\">{\"@context\":\"https:\/\/schema.org\",\"@graph\":[{\"@type\":\"WebPage\",\"@id\":\"https:\/\/sial.charity\/sial-events\/women-in-science-2024\/\",\"url\":\"https:\/\/sial.charity\/sial-events\/women-in-science-2024\/\",\"name\":\"Women in science - Free Event - SIAL.charity\",\"isPartOf\":{\"@id\":\"https:\/\/sial.charity\/#website\"},\"primaryImageOfPage\":{\"@id\":\"https:\/\/sial.charity\/sial-events\/women-in-science-2024\/#primaryimage\"},\"image\":{\"@id\":\"https:\/\/sial.charity\/sial-events\/women-in-science-2024\/#primaryimage\"},\"thumbnailUrl\":\"https:\/\/sial.charity\/wp-content\/uploads\/2024\/12\/women-in-stem-1.gif\",\"datePublished\":\"2024-12-15T07:45:09+00:00\",\"dateModified\":\"2025-01-24T16:36:04+00:00\",\"breadcrumb\":{\"@id\":\"https:\/\/sial.charity\/sial-events\/women-in-science-2024\/#breadcrumb\"},\"inLanguage\":\"it-IT\",\"potentialAction\":[{\"@type\":\"ReadAction\",\"target\":[\"https:\/\/sial.charity\/sial-events\/women-in-science-2024\/\"]}]},{\"@type\":\"ImageObject\",\"inLanguage\":\"it-IT\",\"@id\":\"https:\/\/sial.charity\/sial-events\/women-in-science-2024\/#primaryimage\",\"url\":\"https:\/\/sial.charity\/wp-content\/uploads\/2024\/12\/women-in-stem-1.gif\",\"contentUrl\":\"https:\/\/sial.charity\/wp-content\/uploads\/2024\/12\/women-in-stem-1.gif\"},{\"@type\":\"BreadcrumbList\",\"@id\":\"https:\/\/sial.charity\/sial-events\/women-in-science-2024\/#breadcrumb\",\"itemListElement\":[{\"@type\":\"ListItem\",\"position\":1,\"name\":\"Home\",\"item\":\"https:\/\/sial.charity\/\"},{\"@type\":\"ListItem\",\"position\":2,\"name\":\"SIAL.events\",\"item\":\"https:\/\/sial.charity\/sial-events\/\"},{\"@type\":\"ListItem\",\"position\":3,\"name\":\"Women in science &#8211; Free Event\"}]},{\"@type\":\"WebSite\",\"@id\":\"https:\/\/sial.charity\/#website\",\"url\":\"https:\/\/sial.charity\/\",\"name\":\"SIAL.charity\",\"description\":\"Italian culture and language\",\"publisher\":{\"@id\":\"https:\/\/sial.charity\/#organization\"},\"potentialAction\":[{\"@type\":\"SearchAction\",\"target\":{\"@type\":\"EntryPoint\",\"urlTemplate\":\"https:\/\/sial.charity\/?s={search_term_string}\"},\"query-input\":{\"@type\":\"PropertyValueSpecification\",\"valueRequired\":true,\"valueName\":\"search_term_string\"}}],\"inLanguage\":\"it-IT\"},{\"@type\":\"Organization\",\"@id\":\"https:\/\/sial.charity\/#organization\",\"name\":\"SIAL.charity\",\"url\":\"https:\/\/sial.charity\/\",\"logo\":{\"@type\":\"ImageObject\",\"inLanguage\":\"it-IT\",\"@id\":\"https:\/\/sial.charity\/#\/schema\/logo\/image\/\",\"url\":\"https:\/\/sial.charity\/wp-content\/uploads\/2020\/09\/sial-charity-icon2.png\",\"contentUrl\":\"https:\/\/sial.charity\/wp-content\/uploads\/2020\/09\/sial-charity-icon2.png\",\"width\":400,\"height\":237,\"caption\":\"SIAL.charity\"},\"image\":{\"@id\":\"https:\/\/sial.charity\/#\/schema\/logo\/image\/\"}}]}<\/script>\n<!-- \/ Yoast SEO plugin. -->","yoast_head_json":{"title":"Women in science - Free Event - SIAL.charity","robots":{"index":"index","follow":"follow","max-snippet":"max-snippet:-1","max-image-preview":"max-image-preview:large","max-video-preview":"max-video-preview:-1"},"canonical":"https:\/\/sial.charity\/it\/sial-events\/scienza-al-femminile-2024\/","og_locale":"it_IT","og_type":"article","og_title":"Women in science - Free Event - SIAL.charity","og_description":"WOMEN IN SCIENCE In conversation with three Italian scientists in London When: Saturday 25th January 2025, 5:30-7:30PM Where: SIAL.school, 154-156 Holland Park Avenue, W114UH London (closest tube station: Holland Park) Join us for an extraordinary free event in Italian that highlights the talent of three Italian scientists based in the UK and their passion for&#8230;","og_url":"https:\/\/sial.charity\/it\/sial-events\/scienza-al-femminile-2024\/","og_site_name":"SIAL.charity","article_modified_time":"2025-01-24T16:36:04+00:00","og_image":[{"url":"https:\/\/sial.charity\/wp-content\/uploads\/2024\/12\/women-in-stem-1.gif","type":"","width":"","height":""}],"twitter_card":"summary_large_image","twitter_misc":{"Tempo di lettura stimato":"3 minuti"},"schema":{"@context":"https:\/\/schema.org","@graph":[{"@type":"WebPage","@id":"https:\/\/sial.charity\/sial-events\/women-in-science-2024\/","url":"https:\/\/sial.charity\/sial-events\/women-in-science-2024\/","name":"Women in science - Free Event - SIAL.charity","isPartOf":{"@id":"https:\/\/sial.charity\/#website"},"primaryImageOfPage":{"@id":"https:\/\/sial.charity\/sial-events\/women-in-science-2024\/#primaryimage"},"image":{"@id":"https:\/\/sial.charity\/sial-events\/women-in-science-2024\/#primaryimage"},"thumbnailUrl":"https:\/\/sial.charity\/wp-content\/uploads\/2024\/12\/women-in-stem-1.gif","datePublished":"2024-12-15T07:45:09+00:00","dateModified":"2025-01-24T16:36:04+00:00","breadcrumb":{"@id":"https:\/\/sial.charity\/sial-events\/women-in-science-2024\/#breadcrumb"},"inLanguage":"it-IT","potentialAction":[{"@type":"ReadAction","target":["https:\/\/sial.charity\/sial-events\/women-in-science-2024\/"]}]},{"@type":"ImageObject","inLanguage":"it-IT","@id":"https:\/\/sial.charity\/sial-events\/women-in-science-2024\/#primaryimage","url":"https:\/\/sial.charity\/wp-content\/uploads\/2024\/12\/women-in-stem-1.gif","contentUrl":"https:\/\/sial.charity\/wp-content\/uploads\/2024\/12\/women-in-stem-1.gif"},{"@type":"BreadcrumbList","@id":"https:\/\/sial.charity\/sial-events\/women-in-science-2024\/#breadcrumb","itemListElement":[{"@type":"ListItem","position":1,"name":"Home","item":"https:\/\/sial.charity\/"},{"@type":"ListItem","position":2,"name":"SIAL.events","item":"https:\/\/sial.charity\/sial-events\/"},{"@type":"ListItem","position":3,"name":"Women in science &#8211; Free Event"}]},{"@type":"WebSite","@id":"https:\/\/sial.charity\/#website","url":"https:\/\/sial.charity\/","name":"SIAL.charity","description":"Italian culture and language","publisher":{"@id":"https:\/\/sial.charity\/#organization"},"potentialAction":[{"@type":"SearchAction","target":{"@type":"EntryPoint","urlTemplate":"https:\/\/sial.charity\/?s={search_term_string}"},"query-input":{"@type":"PropertyValueSpecification","valueRequired":true,"valueName":"search_term_string"}}],"inLanguage":"it-IT"},{"@type":"Organization","@id":"https:\/\/sial.charity\/#organization","name":"SIAL.charity","url":"https:\/\/sial.charity\/","logo":{"@type":"ImageObject","inLanguage":"it-IT","@id":"https:\/\/sial.charity\/#\/schema\/logo\/image\/","url":"https:\/\/sial.charity\/wp-content\/uploads\/2020\/09\/sial-charity-icon2.png","contentUrl":"https:\/\/sial.charity\/wp-content\/uploads\/2020\/09\/sial-charity-icon2.png","width":400,"height":237,"caption":"SIAL.charity"},"image":{"@id":"https:\/\/sial.charity\/#\/schema\/logo\/image\/"}}]}},"_links":{"self":[{"href":"https:\/\/sial.charity\/it\/wp-json\/wp\/v2\/pages\/6293","targetHints":{"allow":["GET"]}}],"collection":[{"href":"https:\/\/sial.charity\/it\/wp-json\/wp\/v2\/pages"}],"about":[{"href":"https:\/\/sial.charity\/it\/wp-json\/wp\/v2\/types\/page"}],"author":[{"embeddable":true,"href":"https:\/\/sial.charity\/it\/wp-json\/wp\/v2\/users\/2"}],"replies":[{"embeddable":true,"href":"https:\/\/sial.charity\/it\/wp-json\/wp\/v2\/comments?post=6293"}],"version-history":[{"count":74,"href":"https:\/\/sial.charity\/it\/wp-json\/wp\/v2\/pages\/6293\/revisions"}],"predecessor-version":[{"id":7094,"href":"https:\/\/sial.charity\/it\/wp-json\/wp\/v2\/pages\/6293\/revisions\/7094"}],"up":[{"embeddable":true,"href":"https:\/\/sial.charity\/it\/wp-json\/wp\/v2\/pages\/6222"}],"wp:attachment":[{"href":"https:\/\/sial.charity\/it\/wp-json\/wp\/v2\/media?parent=6293"}],"curies":[{"name":"wp","href":"https:\/\/api.w.org\/{rel}","templated":true}]}}