{"id":7382,"date":"2025-03-03T19:10:09","date_gmt":"2025-03-03T19:10:09","guid":{"rendered":"https:\/\/sial.charity\/?page_id=7382"},"modified":"2025-04-27T16:25:47","modified_gmt":"2025-04-27T15:25:47","slug":"ornimi-editions-formazione-2025","status":"publish","type":"page","link":"https:\/\/sial.charity\/it\/sial-events\/ornimi-editions-formazione-2025\/","title":{"rendered":"Formazione Ornimi Editions"},"content":{"rendered":"<section class=\"kc-elm kc-css-485006 kc_row xt_kc_row_has_container xt_kc_row_no_padding\"><div class=\"kc-row-container  kc-container\"><div class=\"kc-wrap-columns\"><div class=\"kc-elm kc-css-953996 kc_col-sm-12 kc_column kc_col-sm-12\"><div class=\"kc-col-container\"><div class=\"kc-elm kc-css-851140 kc_text_block\"><\/p>\n<h2><img loading=\"lazy\" decoding=\"async\" class=\"alignnone size-medium\" src=\"https:\/\/sial.charity\/wp-content\/uploads\/2025\/03\/locandina_ornimi.png\" alt=\"Ornimi Formazione Londra\" width=\"1566\" height=\"850\" \/><\/h2>\n<section class=\"kc-elm kc-css-73734 kc_row xt_kc_row_has_container xt_kc_row_no_padding\">\n<div class=\"kc-row-container kc-container\">\n<div class=\"kc-wrap-columns\">\n<div class=\"kc-elm kc-css-2457572 kc_col-sm-12 kc_column kc_col-sm-12\">\n<div class=\"kc-col-container\">\n<div class=\"kc-elm kc-css-432044 kc_text_block\">\n<section class=\"kc-elm kc-css-3551129 kc_row xt_kc_row_has_container xt_kc_row_no_padding\">\n<div class=\"kc-row-container kc-container\">\n<div class=\"kc-wrap-columns\">\n<div class=\"kc-elm kc-css-2700020 kc_col-sm-6 kc_column kc_col-sm-6\">\n<div class=\"kc-col-container\">\n<div class=\"kc-elm kc-css-1389293 kc_text_block\">\n<h3>Il piacere di imparare l\u2019italiano: nuovi strumenti per innovare la lezione<\/h3>\n<p><strong>Quando: <\/strong>Domenica 27 aprile 2025, 10:00-14:00<\/p>\n<p><strong>Dove:<\/strong> SIAL.school, 156 Holland Park Avenue, London W11 4UH<br> (la fermata della metro pi\u00f9 vicina \u00e8 Holland Park)<\/p>\n<p><em>Sei un insegnante di italiano a Londra?<br \/>Ti aspettiamo per un evento di formazione gratuito organizzato da Ornimi Editions in collaborazione con University of Bath e SIAL.courses. L'evento si terr\u00e0 presso la SIAL.school. la scuola bilingue di Londra, a due passi da Holland Park.<\/em><\/p>\n<p><strong>Programma<br \/><\/strong><strong><span style=\"color: #ea4e4e;\">L'intero evento sar\u00e0 tenuto in lingua italiana.<br \/><\/span><\/strong><\/p>\n<p>09:30 Registrazione<br \/>10:00-10:15 Breve presentazione dell\u2019evento con la Dott.ssa Eleonora Giovannardi (Coordinatrice dei corsi, SIAL.Courses, Londra)<br \/>10:15-12:00 <em>Il corso in alto! a tutto tondo: mappe mentali, griglie e videogrammatica<\/em><br \/>12:00-12:15 Pausa<br \/>12:15-12:30 Ornimi&#039;s latest publications<br \/>12:30-13:30 <em>Il piacere di osservare, analizzare e scoprire in autonomia. Esercitandosi con Perfetto! si pu\u00f2!<\/em><br \/>13:30-14:00 Spazio domande e saluti finali<\/p>\n<p><strong>Relatori:<\/strong><br \/>&#8211; Sara Giovinazzo (Autrice e formatrice Ornimi Editions)<br \/>&#8211; Enrico Cecconi (Autore e formatore Ornimi Editions)<\/p>\n<p><strong>La partecipazione all'evento \u00e8 gratuita ma la registrazione \u00e8 obbligatoria.<\/strong><\/p>\n<\/div>\n<\/div>\n<\/div>\n<div class=\"kc-elm kc-css-2326506 kc_col-sm-6 kc_column kc_col-sm-6\">\n<div class=\"kc-col-container\">\n<div class=\"kc-elm kc-css-3875100 kc_shortcode kc_single_image xt-theme-primary-image\">\n<p><img loading=\"lazy\" decoding=\"async\" class=\"alignnone size-medium\" src=\"https:\/\/sial.charity\/wp-content\/uploads\/2025\/03\/Ornimi-Editions.jpg\" alt=\"Ornimi Editions\" width=\"176\" height=\"92\" \/><\/p>\n<\/div>\n<div class=\"kc-elm kc-css-2223704 kc_text_block\">\n<h3>Registrati ora<\/h3>\n<\/div>\n<div class=\"kc-contact-form7 kc-elm kc-css-3242955\">\n<p>L'evento \u00e8 al completo, non \u00e8 pi\u00f9 possibile registrarsi.<\/p>\n<div id=\"wpcf7-f6302-o2\" class=\"wpcf7\" dir=\"ltr\" lang=\"en-GB\" role=\"form\">\n<form class=\"wpcf7-form init\" action=\"\/it\/wp-admin\/post.php\/#wpcf7-f6302-o2\" method=\"post\" novalidate=\"novalidate\" data-status=\"init\" data-trp-original-action=\"\/wp-admin\/post.php#wpcf7-f6302-o2\">\n<div aria-hidden=\"true\">\u00a0<\/div>\n<input type=\"hidden\" name=\"trp-form-language\" value=\"it\"\/><\/form>\n<\/div>\n<\/div>\n<\/div>\n<\/div>\n<\/div>\n<\/div>\n<\/section>\n<section class=\"kc-elm kc-css-2550411 kc_row xt_kc_row_has_container xt_kc_row_no_padding\">\n<div class=\"kc-row-container kc-container\">\n<div class=\"kc-wrap-columns\">\n<div class=\"kc-elm kc-css-2813978 kc_col-sm-12 kc_column kc_col-sm-12\">\n<div class=\"kc-col-container\">\n<div class=\"kc-elm kc-css-1557997 kc_text_block\">\n<h3>Gli organizzatori:<\/h3>\n<\/div>\n<div class=\"kc-elm kc-css-1905920 kc-feature-boxes kc-fb-layout-4\">\n<figure class=\"content-image\"><img decoding=\"async\" src=\"https:\/\/sial.charity\/wp-content\/uploads\/2020\/08\/sial_courses_450x140.png\" alt=\"SIAL Courses\" \/><\/figure>\n<div class=\"box-right\">\n<div class=\"content-desc\">\n<p>At the heart of SIAL.courses&#039; mission is the teaching of the Italian language and culture.<br \/>Offriamo un'ampia gamma di corsi di italiano, con programmi su misura\nstudiati per bambini, ragazzi e adulti.<\/p>\n<p><em>Questo evento \u00e8  organizzato grazie al supporto di Ornella Tarantola e Italian Books.<\/em><\/p>\n<\/div>\n<\/div>\n<\/div>\n<\/div>\n<\/div>\n<\/div>\n<\/div>\n<\/section>\n<\/div>\n<div class=\"kc-elm kc-css-3069254 kc_text_block\">\n<h3><strong>Ti interessano i nostri eventi per la comunit\u00e0 italiana e bilingue a Londra?<\/strong><\/h3>\n<p><a href=\"https:\/\/sial.charity\/it\/sial-events\/i-nostri-eventi\/\">Vai ai prossimi appuntamenti<\/a><\/p>\n<p>Per essere sempre informati sui nostri progetti e sulle nostre iniziative, potete visitare i nostri siti:<\/p>\n<p><a href=\"https:\/\/sial.charity\/it\/\" target=\"_blank\" rel=\"noopener noreferrer\">www.sial.charity<\/a><br \/><a href=\"https:\/\/www.sial.school\" target=\"_blank\" rel=\"noopener noreferrer\">www.sial.school<\/a><br \/><a href=\"https:\/\/sial.courses\">www.sial.courses<\/a><\/p>\n<\/div>\n<\/div>\n<\/div>\n<\/div>\n<\/div>\n<\/section>\n<p>\n<\/div><\/div><\/div><\/div><\/div><\/section>","protected":false},"excerpt":{"rendered":"","protected":false},"author":2,"featured_media":0,"parent":6222,"menu_order":0,"comment_status":"closed","ping_status":"closed","template":"","meta":{"footnotes":""},"class_list":["post-7382","page","type-page","status-publish","hentry"],"yoast_head":"<!-- This site is optimized with the Yoast SEO plugin v24.9 - https:\/\/yoast.com\/wordpress\/plugins\/seo\/ -->\n<title>Formazione Ornimi Editions - SIAL.charity<\/title>\n<meta name=\"robots\" content=\"index, follow, max-snippet:-1, max-image-preview:large, max-video-preview:-1\" \/>\n<link rel=\"canonical\" href=\"https:\/\/sial.charity\/it\/sial-events\/ornimi-editions-formazione-2025\/\" \/>\n<meta property=\"og:locale\" content=\"it_IT\" \/>\n<meta property=\"og:type\" content=\"article\" \/>\n<meta property=\"og:title\" content=\"Formazione Ornimi Editions - SIAL.charity\" \/>\n<meta property=\"og:description\" content=\"Il piacere di imparare l\u2019italiano: nuovi strumenti per innovare la lezione When: Sunday 27th April 2025, 10:00-14:00 Where: SIAL.school, 154-156 Holland Park Avenue, W114UH London (closest tube station: Holland Park) Calling all Italian teachers in London!Join us for a free event organised by Ornimi Editions in collaboration with University of Bath and SIAL.courses and hosted&#8230;\" \/>\n<meta property=\"og:url\" content=\"https:\/\/sial.charity\/it\/sial-events\/ornimi-editions-formazione-2025\/\" \/>\n<meta property=\"og:site_name\" content=\"SIAL.charity\" \/>\n<meta property=\"article:modified_time\" content=\"2025-04-27T15:25:47+00:00\" \/>\n<meta property=\"og:image\" content=\"https:\/\/sial.charity\/wp-content\/uploads\/2025\/03\/locandina_ornimi.png\" \/>\n<meta name=\"twitter:card\" content=\"summary_large_image\" \/>\n<meta name=\"twitter:label1\" content=\"Tempo di lettura stimato\" \/>\n\t<meta name=\"twitter:data1\" content=\"2 minuti\" \/>\n<script type=\"application\/ld+json\" class=\"yoast-schema-graph\">{\"@context\":\"https:\/\/schema.org\",\"@graph\":[{\"@type\":\"WebPage\",\"@id\":\"https:\/\/sial.charity\/sial-events\/ornimi-editions-formazione-2025\/\",\"url\":\"https:\/\/sial.charity\/sial-events\/ornimi-editions-formazione-2025\/\",\"name\":\"Formazione Ornimi Editions - SIAL.charity\",\"isPartOf\":{\"@id\":\"https:\/\/sial.charity\/#website\"},\"primaryImageOfPage\":{\"@id\":\"https:\/\/sial.charity\/sial-events\/ornimi-editions-formazione-2025\/#primaryimage\"},\"image\":{\"@id\":\"https:\/\/sial.charity\/sial-events\/ornimi-editions-formazione-2025\/#primaryimage\"},\"thumbnailUrl\":\"https:\/\/sial.charity\/wp-content\/uploads\/2025\/03\/locandina_ornimi.png\",\"datePublished\":\"2025-03-03T19:10:09+00:00\",\"dateModified\":\"2025-04-27T15:25:47+00:00\",\"breadcrumb\":{\"@id\":\"https:\/\/sial.charity\/sial-events\/ornimi-editions-formazione-2025\/#breadcrumb\"},\"inLanguage\":\"it-IT\",\"potentialAction\":[{\"@type\":\"ReadAction\",\"target\":[\"https:\/\/sial.charity\/sial-events\/ornimi-editions-formazione-2025\/\"]}]},{\"@type\":\"ImageObject\",\"inLanguage\":\"it-IT\",\"@id\":\"https:\/\/sial.charity\/sial-events\/ornimi-editions-formazione-2025\/#primaryimage\",\"url\":\"https:\/\/sial.charity\/wp-content\/uploads\/2025\/03\/locandina_ornimi.png\",\"contentUrl\":\"https:\/\/sial.charity\/wp-content\/uploads\/2025\/03\/locandina_ornimi.png\"},{\"@type\":\"BreadcrumbList\",\"@id\":\"https:\/\/sial.charity\/sial-events\/ornimi-editions-formazione-2025\/#breadcrumb\",\"itemListElement\":[{\"@type\":\"ListItem\",\"position\":1,\"name\":\"Home\",\"item\":\"https:\/\/sial.charity\/\"},{\"@type\":\"ListItem\",\"position\":2,\"name\":\"SIAL.events\",\"item\":\"https:\/\/sial.charity\/sial-events\/\"},{\"@type\":\"ListItem\",\"position\":3,\"name\":\"Formazione Ornimi Editions\"}]},{\"@type\":\"WebSite\",\"@id\":\"https:\/\/sial.charity\/#website\",\"url\":\"https:\/\/sial.charity\/\",\"name\":\"SIAL.charity\",\"description\":\"Italian culture and language\",\"publisher\":{\"@id\":\"https:\/\/sial.charity\/#organization\"},\"potentialAction\":[{\"@type\":\"SearchAction\",\"target\":{\"@type\":\"EntryPoint\",\"urlTemplate\":\"https:\/\/sial.charity\/?s={search_term_string}\"},\"query-input\":{\"@type\":\"PropertyValueSpecification\",\"valueRequired\":true,\"valueName\":\"search_term_string\"}}],\"inLanguage\":\"it-IT\"},{\"@type\":\"Organization\",\"@id\":\"https:\/\/sial.charity\/#organization\",\"name\":\"SIAL.charity\",\"url\":\"https:\/\/sial.charity\/\",\"logo\":{\"@type\":\"ImageObject\",\"inLanguage\":\"it-IT\",\"@id\":\"https:\/\/sial.charity\/#\/schema\/logo\/image\/\",\"url\":\"https:\/\/sial.charity\/wp-content\/uploads\/2020\/09\/sial-charity-icon2.png\",\"contentUrl\":\"https:\/\/sial.charity\/wp-content\/uploads\/2020\/09\/sial-charity-icon2.png\",\"width\":400,\"height\":237,\"caption\":\"SIAL.charity\"},\"image\":{\"@id\":\"https:\/\/sial.charity\/#\/schema\/logo\/image\/\"}}]}<\/script>\n<!-- \/ Yoast SEO plugin. -->","yoast_head_json":{"title":"Formazione Ornimi Editions - SIAL.charity","robots":{"index":"index","follow":"follow","max-snippet":"max-snippet:-1","max-image-preview":"max-image-preview:large","max-video-preview":"max-video-preview:-1"},"canonical":"https:\/\/sial.charity\/it\/sial-events\/ornimi-editions-formazione-2025\/","og_locale":"it_IT","og_type":"article","og_title":"Formazione Ornimi Editions - SIAL.charity","og_description":"Il piacere di imparare l\u2019italiano: nuovi strumenti per innovare la lezione When: Sunday 27th April 2025, 10:00-14:00 Where: SIAL.school, 154-156 Holland Park Avenue, W114UH London (closest tube station: Holland Park) Calling all Italian teachers in London!Join us for a free event organised by Ornimi Editions in collaboration with University of Bath and SIAL.courses and hosted&#8230;","og_url":"https:\/\/sial.charity\/it\/sial-events\/ornimi-editions-formazione-2025\/","og_site_name":"SIAL.charity","article_modified_time":"2025-04-27T15:25:47+00:00","og_image":[{"url":"https:\/\/sial.charity\/wp-content\/uploads\/2025\/03\/locandina_ornimi.png","type":"","width":"","height":""}],"twitter_card":"summary_large_image","twitter_misc":{"Tempo di lettura stimato":"2 minuti"},"schema":{"@context":"https:\/\/schema.org","@graph":[{"@type":"WebPage","@id":"https:\/\/sial.charity\/sial-events\/ornimi-editions-formazione-2025\/","url":"https:\/\/sial.charity\/sial-events\/ornimi-editions-formazione-2025\/","name":"Formazione Ornimi Editions - SIAL.charity","isPartOf":{"@id":"https:\/\/sial.charity\/#website"},"primaryImageOfPage":{"@id":"https:\/\/sial.charity\/sial-events\/ornimi-editions-formazione-2025\/#primaryimage"},"image":{"@id":"https:\/\/sial.charity\/sial-events\/ornimi-editions-formazione-2025\/#primaryimage"},"thumbnailUrl":"https:\/\/sial.charity\/wp-content\/uploads\/2025\/03\/locandina_ornimi.png","datePublished":"2025-03-03T19:10:09+00:00","dateModified":"2025-04-27T15:25:47+00:00","breadcrumb":{"@id":"https:\/\/sial.charity\/sial-events\/ornimi-editions-formazione-2025\/#breadcrumb"},"inLanguage":"it-IT","potentialAction":[{"@type":"ReadAction","target":["https:\/\/sial.charity\/sial-events\/ornimi-editions-formazione-2025\/"]}]},{"@type":"ImageObject","inLanguage":"it-IT","@id":"https:\/\/sial.charity\/sial-events\/ornimi-editions-formazione-2025\/#primaryimage","url":"https:\/\/sial.charity\/wp-content\/uploads\/2025\/03\/locandina_ornimi.png","contentUrl":"https:\/\/sial.charity\/wp-content\/uploads\/2025\/03\/locandina_ornimi.png"},{"@type":"BreadcrumbList","@id":"https:\/\/sial.charity\/sial-events\/ornimi-editions-formazione-2025\/#breadcrumb","itemListElement":[{"@type":"ListItem","position":1,"name":"Home","item":"https:\/\/sial.charity\/"},{"@type":"ListItem","position":2,"name":"SIAL.events","item":"https:\/\/sial.charity\/sial-events\/"},{"@type":"ListItem","position":3,"name":"Formazione Ornimi Editions"}]},{"@type":"WebSite","@id":"https:\/\/sial.charity\/#website","url":"https:\/\/sial.charity\/","name":"SIAL.charity","description":"Italian culture and language","publisher":{"@id":"https:\/\/sial.charity\/#organization"},"potentialAction":[{"@type":"SearchAction","target":{"@type":"EntryPoint","urlTemplate":"https:\/\/sial.charity\/?s={search_term_string}"},"query-input":{"@type":"PropertyValueSpecification","valueRequired":true,"valueName":"search_term_string"}}],"inLanguage":"it-IT"},{"@type":"Organization","@id":"https:\/\/sial.charity\/#organization","name":"SIAL.charity","url":"https:\/\/sial.charity\/","logo":{"@type":"ImageObject","inLanguage":"it-IT","@id":"https:\/\/sial.charity\/#\/schema\/logo\/image\/","url":"https:\/\/sial.charity\/wp-content\/uploads\/2020\/09\/sial-charity-icon2.png","contentUrl":"https:\/\/sial.charity\/wp-content\/uploads\/2020\/09\/sial-charity-icon2.png","width":400,"height":237,"caption":"SIAL.charity"},"image":{"@id":"https:\/\/sial.charity\/#\/schema\/logo\/image\/"}}]}},"_links":{"self":[{"href":"https:\/\/sial.charity\/it\/wp-json\/wp\/v2\/pages\/7382","targetHints":{"allow":["GET"]}}],"collection":[{"href":"https:\/\/sial.charity\/it\/wp-json\/wp\/v2\/pages"}],"about":[{"href":"https:\/\/sial.charity\/it\/wp-json\/wp\/v2\/types\/page"}],"author":[{"embeddable":true,"href":"https:\/\/sial.charity\/it\/wp-json\/wp\/v2\/users\/2"}],"replies":[{"embeddable":true,"href":"https:\/\/sial.charity\/it\/wp-json\/wp\/v2\/comments?post=7382"}],"version-history":[{"count":35,"href":"https:\/\/sial.charity\/it\/wp-json\/wp\/v2\/pages\/7382\/revisions"}],"predecessor-version":[{"id":7954,"href":"https:\/\/sial.charity\/it\/wp-json\/wp\/v2\/pages\/7382\/revisions\/7954"}],"up":[{"embeddable":true,"href":"https:\/\/sial.charity\/it\/wp-json\/wp\/v2\/pages\/6222"}],"wp:attachment":[{"href":"https:\/\/sial.charity\/it\/wp-json\/wp\/v2\/media?parent=7382"}],"curies":[{"name":"wp","href":"https:\/\/api.w.org\/{rel}","templated":true}]}}