{"id":7511,"date":"2025-03-16T09:51:46","date_gmt":"2025-03-16T09:51:46","guid":{"rendered":"https:\/\/sial.charity\/?page_id=7511"},"modified":"2025-04-11T11:19:18","modified_gmt":"2025-04-11T10:19:18","slug":"book-oclock-march-2025","status":"publish","type":"page","link":"https:\/\/sial.charity\/it\/sial-events\/book-oclock-marzo-2025\/","title":{"rendered":"Book O&#8217;Clock March 2025"},"content":{"rendered":"<section class=\"kc-elm kc-css-769489 kc_row xt_kc_row_has_container xt_kc_row_has_padding\"><div class=\"kc-row-container  kc-container\"><div class=\"kc-wrap-columns\"><div class=\"kc-elm kc-css-757049 kc_col-sm-12 kc_column kc_col-sm-12\"><div class=\"kc-col-container\"><div class=\"kc-elm kc-css-584850 kc_text_block\"><\/p>\n<p><img loading=\"lazy\" decoding=\"async\" class=\"alignnone size-medium\" src=\"https:\/\/sial.charity\/wp-content\/uploads\/2025\/03\/Featured-images-per-Blog-SIAL.school-24.png\" alt=\"Book O'Clock April 2025\" width=\"960\" height=\"431\" \/><\/p>\n<section class=\"kc-elm kc-css-1628722 kc_row xt_kc_row_has_container xt_kc_row_no_padding\">\n<div class=\"kc-row-container kc-container\">\n<div class=\"kc-wrap-columns\">\n<div class=\"kc-elm kc-css-3859758 kc_col-sm-12 kc_column kc_col-sm-12\">\n<div class=\"kc-col-container\">\n<div class=\"kc-elm kc-css-4280656 kc_text_block\">\n<section class=\"kc-elm kc-css-2524164 kc_row xt_kc_row_has_container xt_kc_row_no_padding\">\n<div class=\"kc-row-container kc-container\">\n<div class=\"kc-wrap-columns\">\n<div class=\"kc-elm kc-css-2770685 kc_col-sm-6 kc_column kc_col-sm-6\">\n<div class=\"kc-col-container\">\n<div class=\"kc-elm kc-css-3583338 kc_text_block\">\n<h1>Book O&#8217;Clock<\/h1>\n<p><strong>Quando: <\/strong>Domenica 27 aprile 2025, 3:00PM<\/p>\n<p><strong>Dove:<\/strong> SIAL.school, 156 Holland Park Avenue, London W11 4UH<br> (la fermata della metro pi\u00f9 vicina \u00e8 Holland Park)<\/p>\n<p class=\" translation-block\">BOOK O\u2019CLOCK \u00e8 un book club per bambini di et\u00e0 dai 4 agli 11 anni e famiglie, promosso dall\u2019Istituto Italiano di Cultura di Londra, andato in onda online da settembre 2021 sui canali ICI London che prosegue ora dal vivo, in un formato rinnovato, presso la SIAL.school.<br>\nCome sempre, sar\u00e0 con noi Gloria Danili, autrice italiana di libri per bambini\/ragazzi e londinese da dieci anni, nonch\u00e9 curatrice e ideatrice di BOOK O\u2019CLOCK.<\/p>\n<p class=\" translation-block\">Libro-ospite di questo mese sar\u00e0 il magico albo dal titolo <b>\"Il Filiambulante\" <\/b>edito da Sabir, scritto dall'autrice Federica Ortolan e illustrato da Marco Leoni.<br><br>\n\nI nostri baldi Book O'Clockers (e le loro famiglie), capitanati da Gloria all'interno della SIAL.school di Holland Park Avenue, faranno un viaggio nel fantastico mondo creato dalla mente di Federica e dalle mani di Marco, e seguiranno in punta di piedi, un piede dopo l'altro, un temerario e coraggioso funambolo che attraversa l'aria sopra un filo sottile come un capello. <b>Una storia di rinascite e ripartenze, che far\u00e0 trattenere il fiato fino all'ultima pagina!<\/b>\n<br><br>\nDopo la lettura dell'albo edito da Sabir e l'ascolto degli specialissimi messaggi di scrittura di Federica e di illustrazione di Marco - messaggi che immaginiamo arriveranno via aria assieme a un intrepido piccione viaggiatore! - , ad aspettare i bambini e le bambine di Book O'Clock, sulle note di questo meravigliosa storia, sar\u00e0 un <b>workshop artistico<\/b> pieno di fili di lana colorata, cartoncini, colla a caldo e tanta creativit\u00e0!<\/p>\n<p><strong><span style=\"color: #ea4e4e;\">L'intero evento sar\u00e0 tenuto in lingua italiana.<\/span><\/strong><\/p>\n<\/div>\n<\/div>\n<\/div>\n<div class=\"kc-elm kc-css-3755071 kc_col-sm-6 kc_column kc_col-sm-6\">\n<div class=\"kc-col-container\">\n<div class=\"kc-elm kc-css-702703 kc_shortcode kc_single_image xt-theme-primary-image\">\n<p><img decoding=\"async\" class=\"\" src=\"https:\/\/sial.charity\/wp-content\/uploads\/2024\/12\/SIAL-ELEMENTS-RGB_Sial-Events.png\" alt=\"\" \/><\/p>\n<\/div>\n<div class=\"kc-elm kc-css-4181173 kc_text_block\">\n<h3>Registrati ora<\/h3>\n<p>L'evento \u00e8 al completo, non \u00e8 pi\u00f9 possibile registrarsi.<\/p>\n<\/div>\n<\/div>\n<\/div>\n<\/div>\n<\/div>\n<\/section>\n<section class=\"kc-elm kc-css-1557807 kc_row xt_kc_row_has_container xt_kc_row_no_padding\">\n<div class=\"kc-row-container kc-container\">\n<div class=\"kc-wrap-columns\">\n<div class=\"kc-elm kc-css-660052 kc_col-sm-12 kc_column kc_col-sm-12\">\n<div class=\"kc-col-container\">\n<div class=\"kc-elm kc-css-3535563 kc_text_block\">\n<p><strong>FEDERICA ORTOLAN\u00a0<\/strong><br \/>\nFederica Ortolan nasce nel 1980 a Venezia e ora vive a Piombino Dese, un paese tra Treviso e Padova.<br \/>\nDopo il liceo classico studia Conservazione dei Beni Culturali a Venezia. Si laurea in Scienze della Formazione Primaria all\u2019Universit\u00e0 di Padova con il massimo dei voti e approfondisce i suoi studi occupandosi prevalentemente dell&#8217;elaborazione cognitiva del bambino in relazione agli stimoli creativi.<br \/>\n\u00c8 scrittrice di albi illustrati per bambini e adulti. Ha pubblicato con diverse case editrici italiane tra cui Clichy, Carthusia, Il Castoro, Lavieri, Sabir. Alcuni dei libri di cui \u00e8 autrice hanno vinto premi a livello nazionale e sono stati tradotti in altre lingue.<br \/>\nAll\u2019attivit\u00e0 di scrittura affianca quella di promozione della letteratura per l\u2019infanzia e l\u2019adolescenza, e organizza percorsi di formazione anche per adulti.<\/p>\n<p><strong>MARCO LEONI\u00a0<\/strong><br \/>\nMarco Leoni nasce a Loreto e cresce in un piccolo paesino marchigiano davanti al mare.<br \/>\nSi trasferisce a Firenze per frequentare l&#8217;Accademia di belle Arti, indirizzo di incisione e calcografia ed una scuola privata di illustrazione ed animazione.<br \/>\nDa qualche anno vive a Bologna e si alterna tra lavoro freelance come illustratore e narratore di giochi di ruolo nelle biblioteche.<br \/>\nNel tempo libero colleziona piccoli oggetti antichi e porta a passeggio i suoi granchi.<br \/>\nSi sta affacciando al panorama editoriale con alcune pubblicazioni per Sabir Editore e Kite Edizioni.<\/p>\n<h3>Gli organizzatori:<\/h3>\n<p><img loading=\"lazy\" decoding=\"async\" class=\"alignnone size-medium\" src=\"https:\/\/sial.charity\/wp-content\/uploads\/2025\/03\/IIC-resized.png\" alt=\"IIC London\" width=\"221\" height=\"147\" \/><\/p>\n<p>L'Istituto Italiano di Cultura di Londra, organismo ufficiale dello Stato italiano, ha l'obiettivo di promuovere e diffondere la lingua e la cultura italiana in Gran Bretagna attraverso l'organizzazione di eventi culturali per favorire la circolazione delle idee, delle arti e delle scienze.<\/p>\n<p><img loading=\"lazy\" decoding=\"async\" class=\"alignnone size-medium\" src=\"https:\/\/sial.charity\/wp-content\/uploads\/2025\/02\/SIALcourses_logo_resized_380.png\" alt=\"SIAL.Courses\" width=\"380\" height=\"110\" \/><\/p>\n<p>Al centro della missione di SIAL.courses c'\u00e8 l'insegnamento della lingua e cultura italiana.<br \/>\nOffriamo un'ampia gamma di corsi di italiano, con programmi su misura\nstudiati per bambini, ragazzi e adulti.<\/p>\n<\/div>\n<div class=\"kc-elm kc-css-1448254 kc-feature-boxes kc-fb-layout-4\">\n<div class=\"box-right\">\n<div><\/div>\n<\/div>\n<\/div>\n<div class=\"kc-elm kc-css-2357578 kc_text_block\">\n<p><strong>Ti interessano i nostri eventi per la comunit\u00e0 italiana e bilingue a Londra?<br \/>\n<\/strong><a href=\"https:\/\/sial.charity\/it\/sial-events\/i-nostri-eventi\/\">Vai ai prossimi appuntamenti<\/a><\/p>\n<p>Per essere sempre informati sui nostri progetti e sulle nostre iniziative, potete visitare i nostri siti:<\/p>\n<p><a href=\"https:\/\/sial.charity\/it\/\">www.sial.charity<\/a><br \/>\n<a href=\"https:\/\/www.sial.school\/\">www.sial.school<\/a><br \/>\n<a href=\"https:\/\/www.sial.courses\/\">www.sial.courses<\/a><\/p>\n<\/div>\n<\/div>\n<\/div>\n<\/div>\n<\/div>\n<\/section>\n<\/div>\n<\/div>\n<\/div>\n<\/div>\n<\/div>\n<\/section>\n<p>\n<\/div><\/div><\/div><\/div><\/div><\/section>","protected":false},"excerpt":{"rendered":"","protected":false},"author":2,"featured_media":0,"parent":6222,"menu_order":0,"comment_status":"closed","ping_status":"closed","template":"","meta":{"footnotes":""},"class_list":["post-7511","page","type-page","status-publish","hentry"],"yoast_head":"<!-- This site is optimized with the Yoast SEO plugin v24.9 - https:\/\/yoast.com\/wordpress\/plugins\/seo\/ -->\n<title>Book O&#039;Clock March 2025 - SIAL.charity<\/title>\n<meta name=\"robots\" content=\"index, follow, max-snippet:-1, max-image-preview:large, max-video-preview:-1\" \/>\n<link rel=\"canonical\" href=\"https:\/\/sial.charity\/it\/sial-events\/book-oclock-marzo-2025\/\" \/>\n<meta property=\"og:locale\" content=\"it_IT\" \/>\n<meta property=\"og:type\" content=\"article\" \/>\n<meta property=\"og:title\" content=\"Book O&#039;Clock March 2025 - SIAL.charity\" \/>\n<meta property=\"og:description\" content=\"Book O&#8217;Clock When: Sunday 27th April 2025, 3:00PM Where: SIAL.school, 154-156 Holland Park Avenue, W114UH London (closest tube station: Holland Park) A collaboration with the Italian Cultural Institute of London\u00a0and hosted by Gloria Danili, Book O\u2019Clock is our monthly children\u2019s book club for readers aged 4-11. Each session invites young learners to discover a new&#8230;\" \/>\n<meta property=\"og:url\" content=\"https:\/\/sial.charity\/it\/sial-events\/book-oclock-marzo-2025\/\" \/>\n<meta property=\"og:site_name\" content=\"SIAL.charity\" \/>\n<meta property=\"article:modified_time\" content=\"2025-04-11T10:19:18+00:00\" \/>\n<meta property=\"og:image\" content=\"https:\/\/sial.charity\/wp-content\/uploads\/2025\/03\/Featured-images-per-Blog-SIAL.school-24.png\" \/>\n<meta name=\"twitter:card\" content=\"summary_large_image\" \/>\n<meta name=\"twitter:label1\" content=\"Tempo di lettura stimato\" \/>\n\t<meta name=\"twitter:data1\" content=\"2 minuti\" \/>\n<script type=\"application\/ld+json\" class=\"yoast-schema-graph\">{\"@context\":\"https:\/\/schema.org\",\"@graph\":[{\"@type\":\"WebPage\",\"@id\":\"https:\/\/sial.charity\/sial-events\/book-oclock-march-2025\/\",\"url\":\"https:\/\/sial.charity\/sial-events\/book-oclock-march-2025\/\",\"name\":\"Book O'Clock March 2025 - SIAL.charity\",\"isPartOf\":{\"@id\":\"https:\/\/sial.charity\/#website\"},\"primaryImageOfPage\":{\"@id\":\"https:\/\/sial.charity\/sial-events\/book-oclock-march-2025\/#primaryimage\"},\"image\":{\"@id\":\"https:\/\/sial.charity\/sial-events\/book-oclock-march-2025\/#primaryimage\"},\"thumbnailUrl\":\"https:\/\/sial.charity\/wp-content\/uploads\/2025\/03\/Featured-images-per-Blog-SIAL.school-24.png\",\"datePublished\":\"2025-03-16T09:51:46+00:00\",\"dateModified\":\"2025-04-11T10:19:18+00:00\",\"breadcrumb\":{\"@id\":\"https:\/\/sial.charity\/sial-events\/book-oclock-march-2025\/#breadcrumb\"},\"inLanguage\":\"it-IT\",\"potentialAction\":[{\"@type\":\"ReadAction\",\"target\":[\"https:\/\/sial.charity\/sial-events\/book-oclock-march-2025\/\"]}]},{\"@type\":\"ImageObject\",\"inLanguage\":\"it-IT\",\"@id\":\"https:\/\/sial.charity\/sial-events\/book-oclock-march-2025\/#primaryimage\",\"url\":\"https:\/\/sial.charity\/wp-content\/uploads\/2025\/03\/Featured-images-per-Blog-SIAL.school-24.png\",\"contentUrl\":\"https:\/\/sial.charity\/wp-content\/uploads\/2025\/03\/Featured-images-per-Blog-SIAL.school-24.png\"},{\"@type\":\"BreadcrumbList\",\"@id\":\"https:\/\/sial.charity\/sial-events\/book-oclock-march-2025\/#breadcrumb\",\"itemListElement\":[{\"@type\":\"ListItem\",\"position\":1,\"name\":\"Home\",\"item\":\"https:\/\/sial.charity\/\"},{\"@type\":\"ListItem\",\"position\":2,\"name\":\"SIAL.events\",\"item\":\"https:\/\/sial.charity\/sial-events\/\"},{\"@type\":\"ListItem\",\"position\":3,\"name\":\"Book O&#8217;Clock March 2025\"}]},{\"@type\":\"WebSite\",\"@id\":\"https:\/\/sial.charity\/#website\",\"url\":\"https:\/\/sial.charity\/\",\"name\":\"SIAL.charity\",\"description\":\"Italian culture and language\",\"publisher\":{\"@id\":\"https:\/\/sial.charity\/#organization\"},\"potentialAction\":[{\"@type\":\"SearchAction\",\"target\":{\"@type\":\"EntryPoint\",\"urlTemplate\":\"https:\/\/sial.charity\/?s={search_term_string}\"},\"query-input\":{\"@type\":\"PropertyValueSpecification\",\"valueRequired\":true,\"valueName\":\"search_term_string\"}}],\"inLanguage\":\"it-IT\"},{\"@type\":\"Organization\",\"@id\":\"https:\/\/sial.charity\/#organization\",\"name\":\"SIAL.charity\",\"url\":\"https:\/\/sial.charity\/\",\"logo\":{\"@type\":\"ImageObject\",\"inLanguage\":\"it-IT\",\"@id\":\"https:\/\/sial.charity\/#\/schema\/logo\/image\/\",\"url\":\"https:\/\/sial.charity\/wp-content\/uploads\/2020\/09\/sial-charity-icon2.png\",\"contentUrl\":\"https:\/\/sial.charity\/wp-content\/uploads\/2020\/09\/sial-charity-icon2.png\",\"width\":400,\"height\":237,\"caption\":\"SIAL.charity\"},\"image\":{\"@id\":\"https:\/\/sial.charity\/#\/schema\/logo\/image\/\"}}]}<\/script>\n<!-- \/ Yoast SEO plugin. -->","yoast_head_json":{"title":"Book O'Clock March 2025 - SIAL.charity","robots":{"index":"index","follow":"follow","max-snippet":"max-snippet:-1","max-image-preview":"max-image-preview:large","max-video-preview":"max-video-preview:-1"},"canonical":"https:\/\/sial.charity\/it\/sial-events\/book-oclock-marzo-2025\/","og_locale":"it_IT","og_type":"article","og_title":"Book O'Clock March 2025 - SIAL.charity","og_description":"Book O&#8217;Clock When: Sunday 27th April 2025, 3:00PM Where: SIAL.school, 154-156 Holland Park Avenue, W114UH London (closest tube station: Holland Park) A collaboration with the Italian Cultural Institute of London\u00a0and hosted by Gloria Danili, Book O\u2019Clock is our monthly children\u2019s book club for readers aged 4-11. Each session invites young learners to discover a new&#8230;","og_url":"https:\/\/sial.charity\/it\/sial-events\/book-oclock-marzo-2025\/","og_site_name":"SIAL.charity","article_modified_time":"2025-04-11T10:19:18+00:00","og_image":[{"url":"https:\/\/sial.charity\/wp-content\/uploads\/2025\/03\/Featured-images-per-Blog-SIAL.school-24.png","type":"","width":"","height":""}],"twitter_card":"summary_large_image","twitter_misc":{"Tempo di lettura stimato":"2 minuti"},"schema":{"@context":"https:\/\/schema.org","@graph":[{"@type":"WebPage","@id":"https:\/\/sial.charity\/sial-events\/book-oclock-march-2025\/","url":"https:\/\/sial.charity\/sial-events\/book-oclock-march-2025\/","name":"Book O'Clock March 2025 - SIAL.charity","isPartOf":{"@id":"https:\/\/sial.charity\/#website"},"primaryImageOfPage":{"@id":"https:\/\/sial.charity\/sial-events\/book-oclock-march-2025\/#primaryimage"},"image":{"@id":"https:\/\/sial.charity\/sial-events\/book-oclock-march-2025\/#primaryimage"},"thumbnailUrl":"https:\/\/sial.charity\/wp-content\/uploads\/2025\/03\/Featured-images-per-Blog-SIAL.school-24.png","datePublished":"2025-03-16T09:51:46+00:00","dateModified":"2025-04-11T10:19:18+00:00","breadcrumb":{"@id":"https:\/\/sial.charity\/sial-events\/book-oclock-march-2025\/#breadcrumb"},"inLanguage":"it-IT","potentialAction":[{"@type":"ReadAction","target":["https:\/\/sial.charity\/sial-events\/book-oclock-march-2025\/"]}]},{"@type":"ImageObject","inLanguage":"it-IT","@id":"https:\/\/sial.charity\/sial-events\/book-oclock-march-2025\/#primaryimage","url":"https:\/\/sial.charity\/wp-content\/uploads\/2025\/03\/Featured-images-per-Blog-SIAL.school-24.png","contentUrl":"https:\/\/sial.charity\/wp-content\/uploads\/2025\/03\/Featured-images-per-Blog-SIAL.school-24.png"},{"@type":"BreadcrumbList","@id":"https:\/\/sial.charity\/sial-events\/book-oclock-march-2025\/#breadcrumb","itemListElement":[{"@type":"ListItem","position":1,"name":"Home","item":"https:\/\/sial.charity\/"},{"@type":"ListItem","position":2,"name":"SIAL.events","item":"https:\/\/sial.charity\/sial-events\/"},{"@type":"ListItem","position":3,"name":"Book O&#8217;Clock March 2025"}]},{"@type":"WebSite","@id":"https:\/\/sial.charity\/#website","url":"https:\/\/sial.charity\/","name":"SIAL.charity","description":"Italian culture and language","publisher":{"@id":"https:\/\/sial.charity\/#organization"},"potentialAction":[{"@type":"SearchAction","target":{"@type":"EntryPoint","urlTemplate":"https:\/\/sial.charity\/?s={search_term_string}"},"query-input":{"@type":"PropertyValueSpecification","valueRequired":true,"valueName":"search_term_string"}}],"inLanguage":"it-IT"},{"@type":"Organization","@id":"https:\/\/sial.charity\/#organization","name":"SIAL.charity","url":"https:\/\/sial.charity\/","logo":{"@type":"ImageObject","inLanguage":"it-IT","@id":"https:\/\/sial.charity\/#\/schema\/logo\/image\/","url":"https:\/\/sial.charity\/wp-content\/uploads\/2020\/09\/sial-charity-icon2.png","contentUrl":"https:\/\/sial.charity\/wp-content\/uploads\/2020\/09\/sial-charity-icon2.png","width":400,"height":237,"caption":"SIAL.charity"},"image":{"@id":"https:\/\/sial.charity\/#\/schema\/logo\/image\/"}}]}},"_links":{"self":[{"href":"https:\/\/sial.charity\/it\/wp-json\/wp\/v2\/pages\/7511","targetHints":{"allow":["GET"]}}],"collection":[{"href":"https:\/\/sial.charity\/it\/wp-json\/wp\/v2\/pages"}],"about":[{"href":"https:\/\/sial.charity\/it\/wp-json\/wp\/v2\/types\/page"}],"author":[{"embeddable":true,"href":"https:\/\/sial.charity\/it\/wp-json\/wp\/v2\/users\/2"}],"replies":[{"embeddable":true,"href":"https:\/\/sial.charity\/it\/wp-json\/wp\/v2\/comments?post=7511"}],"version-history":[{"count":14,"href":"https:\/\/sial.charity\/it\/wp-json\/wp\/v2\/pages\/7511\/revisions"}],"predecessor-version":[{"id":7816,"href":"https:\/\/sial.charity\/it\/wp-json\/wp\/v2\/pages\/7511\/revisions\/7816"}],"up":[{"embeddable":true,"href":"https:\/\/sial.charity\/it\/wp-json\/wp\/v2\/pages\/6222"}],"wp:attachment":[{"href":"https:\/\/sial.charity\/it\/wp-json\/wp\/v2\/media?parent=7511"}],"curies":[{"name":"wp","href":"https:\/\/api.w.org\/{rel}","templated":true}]}}