{"id":7655,"date":"2025-03-27T15:09:19","date_gmt":"2025-03-27T15:09:19","guid":{"rendered":"https:\/\/sial.charity\/?page_id=7655"},"modified":"2025-05-10T13:18:47","modified_gmt":"2025-05-10T12:18:47","slug":"book-presentation-mirko-zullo","status":"publish","type":"page","link":"https:\/\/sial.charity\/it\/sial-events\/presentazione-libro-mirko-zullo-londra\/","title":{"rendered":"Presentazione del libro: Se la vita ti offre limoni"},"content":{"rendered":"<section class=\"kc-elm kc-css-200119 kc_row xt_kc_row_has_container xt_kc_row_no_padding\"><div class=\"kc-row-container  kc-container\"><div class=\"kc-wrap-columns\"><div class=\"kc-elm kc-css-37923 kc_col-sm-12 kc_column kc_col-sm-12\"><div class=\"kc-col-container\"><div class=\"kc-elm kc-css-447420 kc_text_block\"><\/p>\n<p>\n<img loading=\"lazy\" decoding=\"async\" class=\"alignnone size-medium\" src=\"https:\/\/sial.charity\/wp-content\/uploads\/2025\/03\/Presentazione-Libro-Mirko-Zullo.png\" alt=\"Presentazione Libro Mirko Zullo a Londra\" width=\"1200\" height=\"630\"><\/p>\n<section class=\"kc-elm kc-css-4282305 kc_row xt_kc_row_has_container xt_kc_row_no_padding\">\n<div class=\"kc-row-container kc-container\">\n<div class=\"kc-wrap-columns\">\n<div class=\"kc-elm kc-css-3699882 kc_col-sm-12 kc_column kc_col-sm-12\">\n<div class=\"kc-col-container\">\n<div class=\"kc-elm kc-css-433541 kc_text_block\">\n<section class=\"kc-elm kc-css-73734 kc_row xt_kc_row_has_container xt_kc_row_no_padding\">\n<div class=\"kc-row-container kc-container\">\n<div class=\"kc-wrap-columns\">\n<div class=\"kc-elm kc-css-2457572 kc_col-sm-12 kc_column kc_col-sm-12\">\n<div class=\"kc-col-container\">\n<div class=\"kc-elm kc-css-432044 kc_text_block\">\n<section class=\"kc-elm kc-css-3551129 kc_row xt_kc_row_has_container xt_kc_row_no_padding\">\n<div class=\"kc-row-container kc-container\">\n<div class=\"kc-wrap-columns\">\n<div class=\"kc-elm kc-css-2700020 kc_col-sm-6 kc_column kc_col-sm-6\">\n<div class=\"kc-col-container\">\n<div class=\"kc-elm kc-css-1389293 kc_text_block\">\n<h3>Presentazione del libro: Se la vita ti offre limoni<\/h3>\n<p><strong>Quando: <\/strong>Venerd\u00ec 9 maggio 2025, 18:30<\/p>\n<p><strong>Dove:<\/strong> SIAL.school, 156 Holland Park Avenue, London W11 4UH<br> (la fermata della metro pi\u00f9 vicina \u00e8 Holland Park)<\/p>\n<p class=\" translation-block\">Ti aspettiamo per un evento gratuito organizzato in collaborazione con <a href=\"https:\/\/www.instagram.com\/italian_books\" target=\"_self\" rel=\"noopener\">Italian_books\u00a0<\/a> e ospitato dalla SIAL.school di Holland Park, a Londra.<\/p>\n<p>Mirko Zullo, in conversazione con Ornella Tarantola, presenter\u00e0 il suo nuovo romanzo \"Se la vita ti offre limoni\", pubblicato da Santelli Editore.<\/p>\n<p><strong>Il romanzo<br \/><\/strong><\/p>\n<p>Marco non sa mai scegliere tra cono o coppetta, non ha mai la risposta giusta al momento giusto e ha sempre lasciato tutto a met\u00e0. Studi, sogni, relazioni.\nL\u2019unica presenza stabile nella sua vita \u00e8 Maria, con cui si \u00e8 fidanzato l'ultimo anno delle superiori. Lei \u00e8 segretaria in uno studio legale, lui lavora come operatore video per Iacopo, bizzarro produttore di film pornografici. Questo per\u00f2 lei non lo sa, perch\u00e9 Marco \u00e8 convinto che mentire equivalga a proteggere.<\/p>\n<p>In pochi anni diventer\u00e0 socio della Capriccio Production, una delle pi\u00f9 promettenti case di produzioni hard italiane fondata da Iacopo. E il gioco regger\u00e0 fintanto che il mercato del porno non cambier\u00e0.<\/p>\n<p>In bancarotta e abbandonato da Maria, che nel frattempo scopre la verit\u00e0, Marco si chiede se i compromessi fatti sino ad allora con affetti e con la propria morale abbiano davvero avuto un senso.\nTutto ci\u00f2 che vorrebbe \u00e8 provare a salvare quel futuro in cui, dopotutto, n\u00e9 lui n\u00e9 Maria sembrano avere smesso di credere.<\/p>\n<p><strong>Mirko Zullo<\/strong><br \/>Classe 1983, vive e lavora come scrittore e regista tra Verbania e Milano.<br \/>Nel 2018 pubblica \u201cNonnasballo\u201d (Cairo Editore), romanzo vincitore del Premio Nazionale di Narrativa Zanibelli Sanofi.<br \/>Nel 2024 pubbllica \u201cSe la vita ti offre limoni\u201d (Santelli Editore). Per il cinema ha diretto nel 2022 il film \u201cIl violinista\u201d, con Edoardo Romano, Davide Mengaccine distribuito da Amazon Prime Video. In uscita nel 2025 il docufilm sulla commedia all\u2019italiana \u201cIl bar del Cult\u201d.<strong><br \/><\/strong><strong><span style=\"color: #ea4e4e;\"><br \/>L'intero evento sar\u00e0 tenuto in lingua italiana.<\/span><\/strong><\/p>\n<\/div>\n<\/div>\n<\/div>\n<div class=\"kc-elm kc-css-2326506 kc_col-sm-6 kc_column kc_col-sm-6\">\n<div class=\"kc-col-container\">\n<div class=\"kc-elm kc-css-3875100 kc_shortcode kc_single_image xt-theme-primary-image\">\n<p><img loading=\"lazy\" decoding=\"async\" class=\"alignnone size-medium\" src=\"https:\/\/sial.charity\/wp-content\/uploads\/2020\/08\/sial_school_450x140.png\" alt=\"SIAL.school\" width=\"450\" height=\"140\"><\/p>\n<\/div>\n<div class=\"kc-elm kc-css-2223704 kc_text_block\">\n<h3>Registrati ora<\/h3>\n<\/div>\n<div class=\"kc-contact-form7 kc-elm kc-css-3242955\">\n<div id=\"wpcf7-f6302-o2\" class=\"wpcf7\" dir=\"ltr\" lang=\"en-GB\" role=\"form\">\n<div aria-hidden=\"true\">\n<p>Non \u00e8 pi\u00f9 possibile iscriversi.<\/p>\n<\/div>\n<\/div>\n<\/div>\n<\/div>\n<\/div>\n<\/div>\n<\/div>\n<\/section>\n<section class=\"kc-elm kc-css-2550411 kc_row xt_kc_row_has_container xt_kc_row_no_padding\">\n<div class=\"kc-row-container kc-container\">\n<div class=\"kc-wrap-columns\">\n<div class=\"kc-elm kc-css-2813978 kc_col-sm-12 kc_column kc_col-sm-12\">\n<div class=\"kc-col-container\">\n<div class=\"kc-elm kc-css-1557997 kc_text_block\">\n<h3>Gli organizzatori:<\/h3>\n<\/div>\n<div class=\"kc-elm kc-css-1905920 kc-feature-boxes kc-fb-layout-4\">\n<figure class=\"content-image\"><img loading=\"lazy\" decoding=\"async\" class=\"alignnone size-medium\" src=\"https:\/\/sial.charity\/wp-content\/uploads\/2024\/12\/SIALcharity_logo_resized-1-1-e1733353797638.png\" alt=\"SIAL Charity\" width=\"300\" height=\"62\"><\/figure>\n<div class=\"box-right\">\n<div class=\"content-desc\">\n<p>SIAL.charity \u00e8 un'organizzazione no-profit dedicata alla promozione della lingua e della cultura italiana nel Regno Unito. Fondata 17 anni fa, ha creato SIAL.school, l'unica scuola bilingue italiana a tempo pieno a Londra, e SIAL.courses, che ogni anno offre corsi di italiano a oltre 1.000 studenti a Londra ed in tutto il sud dell'Inghilterra e Galles.<\/p>\n<p class=\" translation-block\">Questo evento \u00e8  organizzato grazie al supporto di Ornella Tarantola e <a href=\"https:\/\/www.instagram.com\/italian_books\" target=\"_self\" rel=\"noopener\">Italian_books<\/a>.<\/p>\n<\/div>\n<\/div>\n<\/div>\n<\/div>\n<\/div>\n<\/div>\n<\/div>\n<\/section>\n<\/div>\n<div class=\"kc-elm kc-css-3069254 kc_text_block\">\n<h3><strong>Ti interessano i nostri eventi per la comunit\u00e0 italiana e bilingue a Londra?<\/strong><\/h3>\n<p><a href=\"https:\/\/sial.charity\/it\/sial-events\/i-nostri-eventi\/\">Vai ai prossimi appuntamenti<\/a><\/p>\n<p>Per essere sempre informati sui nostri progetti e sulle nostre iniziative, potete visitare i nostri siti:<\/p>\n<p><a href=\"https:\/\/sial.charity\/it\/\" target=\"_blank\" rel=\"noopener noreferrer\">www.sial.charity<\/a><br \/><a href=\"https:\/\/www.sial.school\" target=\"_blank\" rel=\"noopener noreferrer\">www.sial.school<\/a><br \/><a href=\"https:\/\/sial.courses\">www.sial.courses<\/a><\/p>\n<\/div>\n<\/div>\n<\/div>\n<\/div>\n<\/div>\n<\/section>\n<\/div>\n<\/div>\n<\/div>\n<\/div>\n<\/div>\n<\/section>\n<p>\n<\/div><\/div><\/div><\/div><\/div><\/section>","protected":false},"excerpt":{"rendered":"","protected":false},"author":2,"featured_media":0,"parent":6222,"menu_order":0,"comment_status":"closed","ping_status":"closed","template":"","meta":{"footnotes":""},"class_list":["post-7655","page","type-page","status-publish","hentry"],"yoast_head":"<!-- This site is optimized with the Yoast SEO plugin v24.9 - https:\/\/yoast.com\/wordpress\/plugins\/seo\/ -->\n<title>Book Presentation: Se la vita ti offre limoni - SIAL.charity<\/title>\n<meta name=\"robots\" content=\"index, follow, max-snippet:-1, max-image-preview:large, max-video-preview:-1\" \/>\n<link rel=\"canonical\" href=\"https:\/\/sial.charity\/it\/sial-events\/presentazione-libro-mirko-zullo-londra\/\" \/>\n<meta property=\"og:locale\" content=\"it_IT\" \/>\n<meta property=\"og:type\" content=\"article\" \/>\n<meta property=\"og:title\" content=\"Book Presentation: Se la vita ti offre limoni - SIAL.charity\" \/>\n<meta property=\"og:description\" content=\"Book Presentation: Se la vita ti offre limoni When: Friday 9th May 2025, 6:30PM Where: SIAL.school, 154-156 Holland Park Avenue, W114UH London (closest tube station: Holland Park) Join us for a free event organised in collaboration with Italian_books&nbsp; and hosted at SIAL.school, in Holland Park, London. Mirko Zullo, in conversation with Ornella Tarantola will present&#8230;\" \/>\n<meta property=\"og:url\" content=\"https:\/\/sial.charity\/it\/sial-events\/presentazione-libro-mirko-zullo-londra\/\" \/>\n<meta property=\"og:site_name\" content=\"SIAL.charity\" \/>\n<meta property=\"article:modified_time\" content=\"2025-05-10T12:18:47+00:00\" \/>\n<meta property=\"og:image\" content=\"https:\/\/sial.charity\/wp-content\/uploads\/2025\/03\/Presentazione-Libro-Mirko-Zullo.png\" \/>\n<meta name=\"twitter:card\" content=\"summary_large_image\" \/>\n<meta name=\"twitter:label1\" content=\"Tempo di lettura stimato\" \/>\n\t<meta name=\"twitter:data1\" content=\"3 minuti\" \/>\n<script type=\"application\/ld+json\" class=\"yoast-schema-graph\">{\"@context\":\"https:\/\/schema.org\",\"@graph\":[{\"@type\":\"WebPage\",\"@id\":\"https:\/\/sial.charity\/sial-events\/book-presentation-mirko-zullo\/\",\"url\":\"https:\/\/sial.charity\/sial-events\/book-presentation-mirko-zullo\/\",\"name\":\"Book Presentation: Se la vita ti offre limoni - SIAL.charity\",\"isPartOf\":{\"@id\":\"https:\/\/sial.charity\/#website\"},\"primaryImageOfPage\":{\"@id\":\"https:\/\/sial.charity\/sial-events\/book-presentation-mirko-zullo\/#primaryimage\"},\"image\":{\"@id\":\"https:\/\/sial.charity\/sial-events\/book-presentation-mirko-zullo\/#primaryimage\"},\"thumbnailUrl\":\"https:\/\/sial.charity\/wp-content\/uploads\/2025\/03\/Presentazione-Libro-Mirko-Zullo.png\",\"datePublished\":\"2025-03-27T15:09:19+00:00\",\"dateModified\":\"2025-05-10T12:18:47+00:00\",\"breadcrumb\":{\"@id\":\"https:\/\/sial.charity\/sial-events\/book-presentation-mirko-zullo\/#breadcrumb\"},\"inLanguage\":\"it-IT\",\"potentialAction\":[{\"@type\":\"ReadAction\",\"target\":[\"https:\/\/sial.charity\/sial-events\/book-presentation-mirko-zullo\/\"]}]},{\"@type\":\"ImageObject\",\"inLanguage\":\"it-IT\",\"@id\":\"https:\/\/sial.charity\/sial-events\/book-presentation-mirko-zullo\/#primaryimage\",\"url\":\"https:\/\/sial.charity\/wp-content\/uploads\/2025\/03\/Presentazione-Libro-Mirko-Zullo.png\",\"contentUrl\":\"https:\/\/sial.charity\/wp-content\/uploads\/2025\/03\/Presentazione-Libro-Mirko-Zullo.png\"},{\"@type\":\"BreadcrumbList\",\"@id\":\"https:\/\/sial.charity\/sial-events\/book-presentation-mirko-zullo\/#breadcrumb\",\"itemListElement\":[{\"@type\":\"ListItem\",\"position\":1,\"name\":\"Home\",\"item\":\"https:\/\/sial.charity\/\"},{\"@type\":\"ListItem\",\"position\":2,\"name\":\"SIAL.events\",\"item\":\"https:\/\/sial.charity\/sial-events\/\"},{\"@type\":\"ListItem\",\"position\":3,\"name\":\"Book Presentation: Se la vita ti offre limoni\"}]},{\"@type\":\"WebSite\",\"@id\":\"https:\/\/sial.charity\/#website\",\"url\":\"https:\/\/sial.charity\/\",\"name\":\"SIAL.charity\",\"description\":\"Italian culture and language\",\"publisher\":{\"@id\":\"https:\/\/sial.charity\/#organization\"},\"potentialAction\":[{\"@type\":\"SearchAction\",\"target\":{\"@type\":\"EntryPoint\",\"urlTemplate\":\"https:\/\/sial.charity\/?s={search_term_string}\"},\"query-input\":{\"@type\":\"PropertyValueSpecification\",\"valueRequired\":true,\"valueName\":\"search_term_string\"}}],\"inLanguage\":\"it-IT\"},{\"@type\":\"Organization\",\"@id\":\"https:\/\/sial.charity\/#organization\",\"name\":\"SIAL.charity\",\"url\":\"https:\/\/sial.charity\/\",\"logo\":{\"@type\":\"ImageObject\",\"inLanguage\":\"it-IT\",\"@id\":\"https:\/\/sial.charity\/#\/schema\/logo\/image\/\",\"url\":\"https:\/\/sial.charity\/wp-content\/uploads\/2020\/09\/sial-charity-icon2.png\",\"contentUrl\":\"https:\/\/sial.charity\/wp-content\/uploads\/2020\/09\/sial-charity-icon2.png\",\"width\":400,\"height\":237,\"caption\":\"SIAL.charity\"},\"image\":{\"@id\":\"https:\/\/sial.charity\/#\/schema\/logo\/image\/\"}}]}<\/script>\n<!-- \/ Yoast SEO plugin. -->","yoast_head_json":{"title":"Book Presentation: Se la vita ti offre limoni - SIAL.charity","robots":{"index":"index","follow":"follow","max-snippet":"max-snippet:-1","max-image-preview":"max-image-preview:large","max-video-preview":"max-video-preview:-1"},"canonical":"https:\/\/sial.charity\/it\/sial-events\/presentazione-libro-mirko-zullo-londra\/","og_locale":"it_IT","og_type":"article","og_title":"Book Presentation: Se la vita ti offre limoni - SIAL.charity","og_description":"Book Presentation: Se la vita ti offre limoni When: Friday 9th May 2025, 6:30PM Where: SIAL.school, 154-156 Holland Park Avenue, W114UH London (closest tube station: Holland Park) Join us for a free event organised in collaboration with Italian_books&nbsp; and hosted at SIAL.school, in Holland Park, London. Mirko Zullo, in conversation with Ornella Tarantola will present&#8230;","og_url":"https:\/\/sial.charity\/it\/sial-events\/presentazione-libro-mirko-zullo-londra\/","og_site_name":"SIAL.charity","article_modified_time":"2025-05-10T12:18:47+00:00","og_image":[{"url":"https:\/\/sial.charity\/wp-content\/uploads\/2025\/03\/Presentazione-Libro-Mirko-Zullo.png","type":"","width":"","height":""}],"twitter_card":"summary_large_image","twitter_misc":{"Tempo di lettura stimato":"3 minuti"},"schema":{"@context":"https:\/\/schema.org","@graph":[{"@type":"WebPage","@id":"https:\/\/sial.charity\/sial-events\/book-presentation-mirko-zullo\/","url":"https:\/\/sial.charity\/sial-events\/book-presentation-mirko-zullo\/","name":"Book Presentation: Se la vita ti offre limoni - SIAL.charity","isPartOf":{"@id":"https:\/\/sial.charity\/#website"},"primaryImageOfPage":{"@id":"https:\/\/sial.charity\/sial-events\/book-presentation-mirko-zullo\/#primaryimage"},"image":{"@id":"https:\/\/sial.charity\/sial-events\/book-presentation-mirko-zullo\/#primaryimage"},"thumbnailUrl":"https:\/\/sial.charity\/wp-content\/uploads\/2025\/03\/Presentazione-Libro-Mirko-Zullo.png","datePublished":"2025-03-27T15:09:19+00:00","dateModified":"2025-05-10T12:18:47+00:00","breadcrumb":{"@id":"https:\/\/sial.charity\/sial-events\/book-presentation-mirko-zullo\/#breadcrumb"},"inLanguage":"it-IT","potentialAction":[{"@type":"ReadAction","target":["https:\/\/sial.charity\/sial-events\/book-presentation-mirko-zullo\/"]}]},{"@type":"ImageObject","inLanguage":"it-IT","@id":"https:\/\/sial.charity\/sial-events\/book-presentation-mirko-zullo\/#primaryimage","url":"https:\/\/sial.charity\/wp-content\/uploads\/2025\/03\/Presentazione-Libro-Mirko-Zullo.png","contentUrl":"https:\/\/sial.charity\/wp-content\/uploads\/2025\/03\/Presentazione-Libro-Mirko-Zullo.png"},{"@type":"BreadcrumbList","@id":"https:\/\/sial.charity\/sial-events\/book-presentation-mirko-zullo\/#breadcrumb","itemListElement":[{"@type":"ListItem","position":1,"name":"Home","item":"https:\/\/sial.charity\/"},{"@type":"ListItem","position":2,"name":"SIAL.events","item":"https:\/\/sial.charity\/sial-events\/"},{"@type":"ListItem","position":3,"name":"Book Presentation: Se la vita ti offre limoni"}]},{"@type":"WebSite","@id":"https:\/\/sial.charity\/#website","url":"https:\/\/sial.charity\/","name":"SIAL.charity","description":"Italian culture and language","publisher":{"@id":"https:\/\/sial.charity\/#organization"},"potentialAction":[{"@type":"SearchAction","target":{"@type":"EntryPoint","urlTemplate":"https:\/\/sial.charity\/?s={search_term_string}"},"query-input":{"@type":"PropertyValueSpecification","valueRequired":true,"valueName":"search_term_string"}}],"inLanguage":"it-IT"},{"@type":"Organization","@id":"https:\/\/sial.charity\/#organization","name":"SIAL.charity","url":"https:\/\/sial.charity\/","logo":{"@type":"ImageObject","inLanguage":"it-IT","@id":"https:\/\/sial.charity\/#\/schema\/logo\/image\/","url":"https:\/\/sial.charity\/wp-content\/uploads\/2020\/09\/sial-charity-icon2.png","contentUrl":"https:\/\/sial.charity\/wp-content\/uploads\/2020\/09\/sial-charity-icon2.png","width":400,"height":237,"caption":"SIAL.charity"},"image":{"@id":"https:\/\/sial.charity\/#\/schema\/logo\/image\/"}}]}},"_links":{"self":[{"href":"https:\/\/sial.charity\/it\/wp-json\/wp\/v2\/pages\/7655","targetHints":{"allow":["GET"]}}],"collection":[{"href":"https:\/\/sial.charity\/it\/wp-json\/wp\/v2\/pages"}],"about":[{"href":"https:\/\/sial.charity\/it\/wp-json\/wp\/v2\/types\/page"}],"author":[{"embeddable":true,"href":"https:\/\/sial.charity\/it\/wp-json\/wp\/v2\/users\/2"}],"replies":[{"embeddable":true,"href":"https:\/\/sial.charity\/it\/wp-json\/wp\/v2\/comments?post=7655"}],"version-history":[{"count":7,"href":"https:\/\/sial.charity\/it\/wp-json\/wp\/v2\/pages\/7655\/revisions"}],"predecessor-version":[{"id":8157,"href":"https:\/\/sial.charity\/it\/wp-json\/wp\/v2\/pages\/7655\/revisions\/8157"}],"up":[{"embeddable":true,"href":"https:\/\/sial.charity\/it\/wp-json\/wp\/v2\/pages\/6222"}],"wp:attachment":[{"href":"https:\/\/sial.charity\/it\/wp-json\/wp\/v2\/media?parent=7655"}],"curies":[{"name":"wp","href":"https:\/\/api.w.org\/{rel}","templated":true}]}}