{"id":7981,"date":"2025-04-30T13:29:56","date_gmt":"2025-04-30T12:29:56","guid":{"rendered":"https:\/\/sial.charity\/?page_id=7981"},"modified":"2025-06-02T15:50:22","modified_gmt":"2025-06-02T14:50:22","slug":"book-oclock-may-2025","status":"publish","type":"page","link":"https:\/\/sial.charity\/it\/sial-events\/book-oclock-maggio-2025\/","title":{"rendered":"Book O&#8217;Clock May 2025"},"content":{"rendered":"<section class=\"kc-elm kc-css-424882 kc_row xt_kc_row_has_container xt_kc_row_no_padding\"><div class=\"kc-row-container  kc-container\"><div class=\"kc-wrap-columns\"><div class=\"kc-elm kc-css-136398 kc_col-sm-12 kc_column kc_col-sm-12\"><div class=\"kc-col-container\"><div class=\"kc-elm kc-css-312307 kc_text_block\"><\/p>\n<p><img loading=\"lazy\" decoding=\"async\" class=\"aligncenter\" src=\"https:\/\/sial.charity\/wp-content\/uploads\/2025\/04\/Featured-images-per-Blog-SIAL.school-26.png\" alt=\"Book O'Clock May 2025\" width=\"960\" height=\"431\"><\/p>\n<section class=\"kc-elm kc-css-1628722 kc_row xt_kc_row_has_container xt_kc_row_no_padding\">\n<div class=\"kc-row-container kc-container\">\n<div class=\"kc-wrap-columns\">\n<div class=\"kc-elm kc-css-3859758 kc_col-sm-12 kc_column kc_col-sm-12\">\n<div class=\"kc-col-container\">\n<div class=\"kc-elm kc-css-4280656 kc_text_block\">\n<section class=\"kc-elm kc-css-2524164 kc_row xt_kc_row_has_container xt_kc_row_no_padding\">\n<div class=\"kc-row-container kc-container\">\n<div class=\"kc-wrap-columns\">\n<div class=\"kc-elm kc-css-2770685 kc_col-sm-6 kc_column kc_col-sm-6\">\n<div class=\"kc-col-container\">\n<div class=\"kc-elm kc-css-3583338 kc_text_block\">\n<h1>Book O&#8217;Clock<\/h1>\n<p><strong>Quando:&nbsp; <\/strong>Domenica 18 maggio 2025, 3:00PM<\/p>\n<p><strong>Dove:<\/strong> SIAL.school, 156 Holland Park Avenue, London W11 4UH<br> (la fermata della metro pi\u00f9 vicina \u00e8 Holland Park)<\/p>\n<p class=\" translation-block\">BOOK O\u2019CLOCK \u00e8 un book club per bambini di et\u00e0 dai 4 agli 11 anni e famiglie, promosso dall\u2019Istituto Italiano di Cultura di Londra, andato in onda online da settembre 2021 sui canali ICI London che prosegue ora dal vivo, in un formato rinnovato, presso la SIAL.school.<br>\nCome sempre, sar\u00e0 con noi Gloria Danili, autrice italiana di libri per bambini\/ragazzi e londinese da dieci anni, nonch\u00e9 curatrice e ideatrice di BOOK O\u2019CLOCK.<\/p>\n<p class=\" translation-block\">Libro-ospite di questo mese sar\u00e0 il divertentissimo albo dal titolo \"Il Gattolaio\" edito da Terre di Mezzo, scritto da Stella Nosella e illustrato da Evelise Obinu.<\/p>\n<p>In questo incontro di maggio i nostri baldi Book O'Clockers (e le loro famiglie), capitanati da Gloria nella cornice della SIAL School di Holland Park Avenue, conosceranno il famoso \"Gattolaio\" che sa fabbricare il gatto gusto per ogni cliente! Entreranno nel mondo spassoso e incantato \"dalle vetrine sporche di ditate e di speranze\", con un \"profumo di crocchette e di borotalco\"!<\/p>\n<p>Dopo la lettura dell'albo edito da Terre di Mezzo e l'ascolto degli specialissimi messaggi dell'autrice Stella e dell'illustratrice Evelise, ad aspettare i bambini e le bambine di Book O'Clock, sulle note di questo magica storia, sar\u00e0 un workshop in cui, seguendo le istruzioni del Gattolaio costruiremo insieme il VOSTRO gatto del cuore.<\/p>\n<p>Come sempre non dimenticatevi di allineare le lancette, l'ora delle storie sta per scoccare (di nuovo)!<\/p>\n<p><strong><span style=\"color: #ea4e4e;\">L'intero evento sar\u00e0 tenuto in lingua italiana.<\/span><\/strong><\/p>\n<\/div>\n<\/div>\n<\/div>\n<div class=\"kc-elm kc-css-3755071 kc_col-sm-6 kc_column kc_col-sm-6\">\n<div class=\"kc-col-container\">\n<div class=\"kc-elm kc-css-702703 kc_shortcode kc_single_image xt-theme-primary-image\">\n<p><img decoding=\"async\" class=\"\" src=\"https:\/\/sial.charity\/wp-content\/uploads\/2024\/12\/SIAL-ELEMENTS-RGB_Sial-Events.png\" alt=\"\"><\/p>\n<\/div>\n<div class=\"kc-elm kc-css-4181173 kc_text_block\">\n<h3>Registrati ora<\/h3>\n<p>Non \u00e8 pi\u00f9 possibile iscriversi.<\/p>\n<\/div>\n<\/div>\n<\/div>\n<\/div>\n<\/div>\n<\/section>\n<section class=\"kc-elm kc-css-1557807 kc_row xt_kc_row_has_container xt_kc_row_no_padding\">\n<div class=\"kc-row-container kc-container\">\n<div class=\"kc-wrap-columns\">\n<div class=\"kc-elm kc-css-660052 kc_col-sm-12 kc_column kc_col-sm-12\">\n<div class=\"kc-col-container\">\n<div class=\"kc-elm kc-css-3535563 kc_text_block\">\n<div dir=\"auto\">\n<div class=\"gmail_default\"><b>STELLA NOSELLA<\/b><\/div>\n<\/div>\n<p dir=\"auto\"><span class=\"gmail_default\">Stella Nosella \u00e8<\/span>&nbsp;una scrittrice veneta, testimonial di lettura per la sua regione per i Piccoli Lettori.<span class=\"gmail_default\">&nbsp;<\/span>Scrive albi illustrati, narrativa, per il cinema, il teatro e la televisione; \u00e8 stata responsabile editoriale dell\u2019area ragazzi della casa editrice L\u2019Orto della Cultura. Collabora attivamente con il portale Kidpass.it ed \u00e8 Caporedattore della rivista trimestrale Kid Pass Magazine.<span class=\"gmail_default\">&nbsp;<\/span>\u00c8 sceneggiatrice per Fondazione Aida ETS.<\/p>\n<p>\u00c8 direttrice artistica di diversi Festival letterari, tra cui PortoImmaginario, Libri d&#8217;acqua e Avventure tra le pagine.<br \/>Ha collaborato come Project Manager e Agente per l&#8217;estero per C.atWork Creative.<span class=\"gmail_default\">&nbsp;<\/span>Dal suo romanzo&nbsp;<span class=\"gmail_default\">&#8220;<\/span>La bambina dal nastro rosso<span class=\"gmail_default\">&#8220;<\/span>&nbsp;nascer\u00e0 un docufilm con regia di Roberto Siepi e Alessia Vegro.<br \/>\u00c8 testimonial di #ilvenetolegge, testimonial di #ioleggoperch\u00e8, ed \u00e8 stata selezionata per #primaeffe Feltrinelli per la scuola.<br \/>Partecipa alle attivit\u00e0 di promozione della lettura nei Musei e luoghi di cultura italiani con MIBACT; ha ideato la collana \u201cIn Corso d\u2019Opera\u201d (per L\u2019Orto della Cultura) che sostiene la conservazione dei beni culturali attraverso donazioni annuali su Art Bonus. \u00c8 stata scelta dall\u2019Istituto Italiano di Cultura per rappresentare l\u2019Italia alla FIL Lima 2020 con il progetto di illustrazione #congliocchideibambini.<\/p>\n<p>Ha pubblicato: Le avventure della piccola regina Elisabeth. Un giorno a Buckingham Palace, con Thomas J. Mace-Arthur-Mills, illustrazioni di Valentina Vanasia (L&#8217;Orto della cultura, 2023); Il gattolaio, con illustrazioni di Evelise Obinu (Terre di Mezzo 2022); In corso d&#8217;opera. Giotto, con illustrazioni di Andrea Alemanno (L&#8217;Orto della cultura, 2022); In corso d&#8217;opera. Canova, con illustrazioni di Andrea Oberosler (L&#8217;Orto della cultura, 2021); Il ballo di Tok, con le illustrazioni di Candia Castellani (Sabir, 2021); Verde Speranza, con le illustrazioni di Marianna Balducci (L&#8217;Orto della cultura, 2020); La bambina dal nastro rosso (L&#8217;Orto della cultura, 2019) e altri.<\/p>\n<div dir=\"auto\">\n<div class=\"gmail_default\"><b>EVELISE OBINU<\/b><\/div>\n<p>Evelise Obinu \u00e8 nata a Cagliari. Illustratrice e atelierista esperta in processi laboratoriali e formazione rivolti a tutte le et\u00e0 con particolare attenzione alla fascia 0-3 anni. Lavora come bibliotecaria. Si occupa di processi creativi e artistici all\u2019interno di progetti multidisciplinar<span class=\"gmail_default\">i<\/span>&nbsp;rivolti alla salute mentale. Negli anni ha sviluppato un approccio ad orientamento sistemico che integra l\u2019arte, l\u2019illustrazione e la promozione della lettura.<br \/>Nel 2022 pubblica Il&nbsp;<span class=\"gmail_default\">G<\/span>attolaio, con testo di Stella Nosella, per Terre di Mezzo editore. Nel 2024 esce La scomparsa di Maresciallo. Le indagini di Italo, con testo di Beniamino Sidoti, L\u2019Albero delle matite edizioni. Nel settembre 2024 esce Il Maestrario, testi di Roberto Morgese e Roberto Piumini per Storybox, di cui disegna le ironiche illustrazioni.<\/p>\n<\/div>\n<h3>Gli organizzatori:<\/h3>\n<p><img loading=\"lazy\" decoding=\"async\" class=\"alignnone size-medium\" src=\"https:\/\/sial.charity\/wp-content\/uploads\/2025\/03\/IIC-resized.png\" alt=\"IIC London\" width=\"221\" height=\"147\"><\/p>\n<p>L'Istituto Italiano di Cultura di Londra, organismo ufficiale dello Stato italiano, ha l'obiettivo di promuovere e diffondere la lingua e la cultura italiana in Gran Bretagna attraverso l'organizzazione di eventi culturali per favorire la circolazione delle idee, delle arti e delle scienze.<\/p>\n<p><img loading=\"lazy\" decoding=\"async\" class=\"alignnone size-medium\" src=\"https:\/\/sial.charity\/wp-content\/uploads\/2025\/02\/SIALcourses_logo_resized_380.png\" alt=\"SIAL.Courses\" width=\"380\" height=\"110\"><\/p>\n<p>Al centro della missione di SIAL.courses c'\u00e8 l'insegnamento della lingua e cultura italiana.<br \/>Offriamo un'ampia gamma di corsi di italiano, con programmi su misura\nstudiati per bambini, ragazzi e adulti.<\/p>\n<\/div>\n<div class=\"kc-elm kc-css-1448254 kc-feature-boxes kc-fb-layout-4\">\n<div class=\"box-right\">\n<div>&nbsp;<\/div>\n<\/div>\n<\/div>\n<div class=\"kc-elm kc-css-2357578 kc_text_block\">\n<p><strong>Ti interessano i nostri eventi per la comunit\u00e0 italiana e bilingue a Londra?<br \/><\/strong><a href=\"https:\/\/sial.charity\/it\/sial-events\/i-nostri-eventi\/\">Vai ai prossimi appuntamenti<\/a><\/p>\n<p>Per essere sempre informati sui nostri progetti e sulle nostre iniziative, potete visitare i nostri siti:<\/p>\n<p><a href=\"https:\/\/sial.charity\/it\/\">www.sial.charity<\/a><br \/><a href=\"https:\/\/www.sial.school\/\">www.sial.school<\/a><br \/><a href=\"https:\/\/www.sial.courses\/\">www.sial.courses<\/a><\/p>\n<\/div>\n<\/div>\n<\/div>\n<\/div>\n<\/div>\n<\/section>\n<\/div>\n<\/div>\n<\/div>\n<\/div>\n<\/div>\n<\/section>\n<p>\n<\/div><\/div><\/div><\/div><\/div><\/section>","protected":false},"excerpt":{"rendered":"","protected":false},"author":2,"featured_media":0,"parent":6222,"menu_order":0,"comment_status":"closed","ping_status":"closed","template":"","meta":{"footnotes":""},"class_list":["post-7981","page","type-page","status-publish","hentry"],"yoast_head":"<!-- This site is optimized with the Yoast SEO plugin v24.9 - https:\/\/yoast.com\/wordpress\/plugins\/seo\/ -->\n<title>Book O&#039;Clock May 2025 - SIAL.charity<\/title>\n<meta name=\"robots\" content=\"index, follow, max-snippet:-1, max-image-preview:large, max-video-preview:-1\" \/>\n<link rel=\"canonical\" href=\"https:\/\/sial.charity\/it\/sial-events\/book-oclock-maggio-2025\/\" \/>\n<meta property=\"og:locale\" content=\"it_IT\" \/>\n<meta property=\"og:type\" content=\"article\" \/>\n<meta property=\"og:title\" content=\"Book O&#039;Clock May 2025 - SIAL.charity\" \/>\n<meta property=\"og:description\" content=\"Book O&#8217;Clock When:&nbsp; Sunday 18th May 2025, 3:00PM Where: SIAL.school, 154-156 Holland Park Avenue, W114UH London (closest tube station: Holland Park) A collaboration with the Italian Cultural Institute of London&nbsp;and hosted by Gloria Danili, Book O\u2019Clock is our monthly children\u2019s book club for readers aged 4-11. Each session invites young learners to discover a new&#8230;\" \/>\n<meta property=\"og:url\" content=\"https:\/\/sial.charity\/it\/sial-events\/book-oclock-maggio-2025\/\" \/>\n<meta property=\"og:site_name\" content=\"SIAL.charity\" \/>\n<meta property=\"article:modified_time\" content=\"2025-06-02T14:50:22+00:00\" \/>\n<meta property=\"og:image\" content=\"https:\/\/sial.charity\/wp-content\/uploads\/2025\/04\/Featured-images-per-Blog-SIAL.school-26.png\" \/>\n<meta name=\"twitter:card\" content=\"summary_large_image\" \/>\n<meta name=\"twitter:label1\" content=\"Tempo di lettura stimato\" \/>\n\t<meta name=\"twitter:data1\" content=\"5 minuti\" \/>\n<script type=\"application\/ld+json\" class=\"yoast-schema-graph\">{\"@context\":\"https:\/\/schema.org\",\"@graph\":[{\"@type\":\"WebPage\",\"@id\":\"https:\/\/sial.charity\/sial-events\/book-oclock-may-2025\/\",\"url\":\"https:\/\/sial.charity\/sial-events\/book-oclock-may-2025\/\",\"name\":\"Book O'Clock May 2025 - SIAL.charity\",\"isPartOf\":{\"@id\":\"https:\/\/sial.charity\/#website\"},\"primaryImageOfPage\":{\"@id\":\"https:\/\/sial.charity\/sial-events\/book-oclock-may-2025\/#primaryimage\"},\"image\":{\"@id\":\"https:\/\/sial.charity\/sial-events\/book-oclock-may-2025\/#primaryimage\"},\"thumbnailUrl\":\"https:\/\/sial.charity\/wp-content\/uploads\/2025\/04\/Featured-images-per-Blog-SIAL.school-26.png\",\"datePublished\":\"2025-04-30T12:29:56+00:00\",\"dateModified\":\"2025-06-02T14:50:22+00:00\",\"breadcrumb\":{\"@id\":\"https:\/\/sial.charity\/sial-events\/book-oclock-may-2025\/#breadcrumb\"},\"inLanguage\":\"it-IT\",\"potentialAction\":[{\"@type\":\"ReadAction\",\"target\":[\"https:\/\/sial.charity\/sial-events\/book-oclock-may-2025\/\"]}]},{\"@type\":\"ImageObject\",\"inLanguage\":\"it-IT\",\"@id\":\"https:\/\/sial.charity\/sial-events\/book-oclock-may-2025\/#primaryimage\",\"url\":\"https:\/\/sial.charity\/wp-content\/uploads\/2025\/04\/Featured-images-per-Blog-SIAL.school-26.png\",\"contentUrl\":\"https:\/\/sial.charity\/wp-content\/uploads\/2025\/04\/Featured-images-per-Blog-SIAL.school-26.png\"},{\"@type\":\"BreadcrumbList\",\"@id\":\"https:\/\/sial.charity\/sial-events\/book-oclock-may-2025\/#breadcrumb\",\"itemListElement\":[{\"@type\":\"ListItem\",\"position\":1,\"name\":\"Home\",\"item\":\"https:\/\/sial.charity\/\"},{\"@type\":\"ListItem\",\"position\":2,\"name\":\"SIAL.events\",\"item\":\"https:\/\/sial.charity\/sial-events\/\"},{\"@type\":\"ListItem\",\"position\":3,\"name\":\"Book O&#8217;Clock May 2025\"}]},{\"@type\":\"WebSite\",\"@id\":\"https:\/\/sial.charity\/#website\",\"url\":\"https:\/\/sial.charity\/\",\"name\":\"SIAL.charity\",\"description\":\"Italian culture and language\",\"publisher\":{\"@id\":\"https:\/\/sial.charity\/#organization\"},\"potentialAction\":[{\"@type\":\"SearchAction\",\"target\":{\"@type\":\"EntryPoint\",\"urlTemplate\":\"https:\/\/sial.charity\/?s={search_term_string}\"},\"query-input\":{\"@type\":\"PropertyValueSpecification\",\"valueRequired\":true,\"valueName\":\"search_term_string\"}}],\"inLanguage\":\"it-IT\"},{\"@type\":\"Organization\",\"@id\":\"https:\/\/sial.charity\/#organization\",\"name\":\"SIAL.charity\",\"url\":\"https:\/\/sial.charity\/\",\"logo\":{\"@type\":\"ImageObject\",\"inLanguage\":\"it-IT\",\"@id\":\"https:\/\/sial.charity\/#\/schema\/logo\/image\/\",\"url\":\"https:\/\/sial.charity\/wp-content\/uploads\/2020\/09\/sial-charity-icon2.png\",\"contentUrl\":\"https:\/\/sial.charity\/wp-content\/uploads\/2020\/09\/sial-charity-icon2.png\",\"width\":400,\"height\":237,\"caption\":\"SIAL.charity\"},\"image\":{\"@id\":\"https:\/\/sial.charity\/#\/schema\/logo\/image\/\"}}]}<\/script>\n<!-- \/ Yoast SEO plugin. -->","yoast_head_json":{"title":"Book O'Clock May 2025 - SIAL.charity","robots":{"index":"index","follow":"follow","max-snippet":"max-snippet:-1","max-image-preview":"max-image-preview:large","max-video-preview":"max-video-preview:-1"},"canonical":"https:\/\/sial.charity\/it\/sial-events\/book-oclock-maggio-2025\/","og_locale":"it_IT","og_type":"article","og_title":"Book O'Clock May 2025 - SIAL.charity","og_description":"Book O&#8217;Clock When:&nbsp; Sunday 18th May 2025, 3:00PM Where: SIAL.school, 154-156 Holland Park Avenue, W114UH London (closest tube station: Holland Park) A collaboration with the Italian Cultural Institute of London&nbsp;and hosted by Gloria Danili, Book O\u2019Clock is our monthly children\u2019s book club for readers aged 4-11. Each session invites young learners to discover a new&#8230;","og_url":"https:\/\/sial.charity\/it\/sial-events\/book-oclock-maggio-2025\/","og_site_name":"SIAL.charity","article_modified_time":"2025-06-02T14:50:22+00:00","og_image":[{"url":"https:\/\/sial.charity\/wp-content\/uploads\/2025\/04\/Featured-images-per-Blog-SIAL.school-26.png","type":"","width":"","height":""}],"twitter_card":"summary_large_image","twitter_misc":{"Tempo di lettura stimato":"5 minuti"},"schema":{"@context":"https:\/\/schema.org","@graph":[{"@type":"WebPage","@id":"https:\/\/sial.charity\/sial-events\/book-oclock-may-2025\/","url":"https:\/\/sial.charity\/sial-events\/book-oclock-may-2025\/","name":"Book O'Clock May 2025 - SIAL.charity","isPartOf":{"@id":"https:\/\/sial.charity\/#website"},"primaryImageOfPage":{"@id":"https:\/\/sial.charity\/sial-events\/book-oclock-may-2025\/#primaryimage"},"image":{"@id":"https:\/\/sial.charity\/sial-events\/book-oclock-may-2025\/#primaryimage"},"thumbnailUrl":"https:\/\/sial.charity\/wp-content\/uploads\/2025\/04\/Featured-images-per-Blog-SIAL.school-26.png","datePublished":"2025-04-30T12:29:56+00:00","dateModified":"2025-06-02T14:50:22+00:00","breadcrumb":{"@id":"https:\/\/sial.charity\/sial-events\/book-oclock-may-2025\/#breadcrumb"},"inLanguage":"it-IT","potentialAction":[{"@type":"ReadAction","target":["https:\/\/sial.charity\/sial-events\/book-oclock-may-2025\/"]}]},{"@type":"ImageObject","inLanguage":"it-IT","@id":"https:\/\/sial.charity\/sial-events\/book-oclock-may-2025\/#primaryimage","url":"https:\/\/sial.charity\/wp-content\/uploads\/2025\/04\/Featured-images-per-Blog-SIAL.school-26.png","contentUrl":"https:\/\/sial.charity\/wp-content\/uploads\/2025\/04\/Featured-images-per-Blog-SIAL.school-26.png"},{"@type":"BreadcrumbList","@id":"https:\/\/sial.charity\/sial-events\/book-oclock-may-2025\/#breadcrumb","itemListElement":[{"@type":"ListItem","position":1,"name":"Home","item":"https:\/\/sial.charity\/"},{"@type":"ListItem","position":2,"name":"SIAL.events","item":"https:\/\/sial.charity\/sial-events\/"},{"@type":"ListItem","position":3,"name":"Book O&#8217;Clock May 2025"}]},{"@type":"WebSite","@id":"https:\/\/sial.charity\/#website","url":"https:\/\/sial.charity\/","name":"SIAL.charity","description":"Italian culture and language","publisher":{"@id":"https:\/\/sial.charity\/#organization"},"potentialAction":[{"@type":"SearchAction","target":{"@type":"EntryPoint","urlTemplate":"https:\/\/sial.charity\/?s={search_term_string}"},"query-input":{"@type":"PropertyValueSpecification","valueRequired":true,"valueName":"search_term_string"}}],"inLanguage":"it-IT"},{"@type":"Organization","@id":"https:\/\/sial.charity\/#organization","name":"SIAL.charity","url":"https:\/\/sial.charity\/","logo":{"@type":"ImageObject","inLanguage":"it-IT","@id":"https:\/\/sial.charity\/#\/schema\/logo\/image\/","url":"https:\/\/sial.charity\/wp-content\/uploads\/2020\/09\/sial-charity-icon2.png","contentUrl":"https:\/\/sial.charity\/wp-content\/uploads\/2020\/09\/sial-charity-icon2.png","width":400,"height":237,"caption":"SIAL.charity"},"image":{"@id":"https:\/\/sial.charity\/#\/schema\/logo\/image\/"}}]}},"_links":{"self":[{"href":"https:\/\/sial.charity\/it\/wp-json\/wp\/v2\/pages\/7981","targetHints":{"allow":["GET"]}}],"collection":[{"href":"https:\/\/sial.charity\/it\/wp-json\/wp\/v2\/pages"}],"about":[{"href":"https:\/\/sial.charity\/it\/wp-json\/wp\/v2\/types\/page"}],"author":[{"embeddable":true,"href":"https:\/\/sial.charity\/it\/wp-json\/wp\/v2\/users\/2"}],"replies":[{"embeddable":true,"href":"https:\/\/sial.charity\/it\/wp-json\/wp\/v2\/comments?post=7981"}],"version-history":[{"count":14,"href":"https:\/\/sial.charity\/it\/wp-json\/wp\/v2\/pages\/7981\/revisions"}],"predecessor-version":[{"id":8266,"href":"https:\/\/sial.charity\/it\/wp-json\/wp\/v2\/pages\/7981\/revisions\/8266"}],"up":[{"embeddable":true,"href":"https:\/\/sial.charity\/it\/wp-json\/wp\/v2\/pages\/6222"}],"wp:attachment":[{"href":"https:\/\/sial.charity\/it\/wp-json\/wp\/v2\/media?parent=7981"}],"curies":[{"name":"wp","href":"https:\/\/api.w.org\/{rel}","templated":true}]}}